{"id":1626,"date":"2024-08-24T11:21:41","date_gmt":"2024-08-24T14:21:41","guid":{"rendered":"https:\/\/mecaniza.com.br\/?page_id=1626"},"modified":"2024-08-24T11:21:56","modified_gmt":"2024-08-24T14:21:56","slug":"modeloelx-2404","status":"publish","type":"page","link":"https:\/\/mecaniza.com.br\/?page_id=1626","title":{"rendered":"MODELOELX 2404"},"content":{"rendered":"\t\t<div data-elementor-type=\"wp-page\" data-elementor-id=\"1626\" class=\"elementor elementor-1626\">\n\t\t\t\t<div class=\"elementor-element elementor-element-7cb5cd64 e-flex e-con-boxed e-con e-parent\" data-id=\"7cb5cd64\" data-element_type=\"container\">\n\t\t\t\t\t<div class=\"e-con-inner\">\n\t\t\t\t<div class=\"elementor-element elementor-element-347b4089 elementor-widget elementor-widget-heading\" data-id=\"347b4089\" data-element_type=\"widget\" data-widget_type=\"heading.default\">\n\t\t\t\t<div class=\"elementor-widget-container\">\n\t\t\t<style>\/*! elementor - v3.23.0 - 05-08-2024 *\/\n.elementor-heading-title{padding:0;margin:0;line-height:1}.elementor-widget-heading .elementor-heading-title[class*=elementor-size-]>a{color:inherit;font-size:inherit;line-height:inherit}.elementor-widget-heading .elementor-heading-title.elementor-size-small{font-size:15px}.elementor-widget-heading .elementor-heading-title.elementor-size-medium{font-size:19px}.elementor-widget-heading .elementor-heading-title.elementor-size-large{font-size:29px}.elementor-widget-heading .elementor-heading-title.elementor-size-xl{font-size:39px}.elementor-widget-heading .elementor-heading-title.elementor-size-xxl{font-size:59px}<\/style><h2 class=\"elementor-heading-title elementor-size-default\">DESCRI\u00c7\u00c3O DO PRODUTO:<\/h2>\t\t<\/div>\n\t\t\t\t<\/div>\n\t\t\t\t<div class=\"elementor-element elementor-element-4cc1bc80 elementor-widget elementor-widget-text-editor\" data-id=\"4cc1bc80\" data-element_type=\"widget\" data-widget_type=\"text-editor.default\">\n\t\t\t\t<div class=\"elementor-widget-container\">\n\t\t\t<style>\/*! elementor - v3.23.0 - 05-08-2024 *\/\n.elementor-widget-text-editor.elementor-drop-cap-view-stacked .elementor-drop-cap{background-color:#69727d;color:#fff}.elementor-widget-text-editor.elementor-drop-cap-view-framed .elementor-drop-cap{color:#69727d;border:3px solid;background-color:transparent}.elementor-widget-text-editor:not(.elementor-drop-cap-view-default) .elementor-drop-cap{margin-top:8px}.elementor-widget-text-editor:not(.elementor-drop-cap-view-default) .elementor-drop-cap-letter{width:1em;height:1em}.elementor-widget-text-editor .elementor-drop-cap{float:left;text-align:center;line-height:1;font-size:50px}.elementor-widget-text-editor .elementor-drop-cap-letter{display:inline-block}<\/style>\t\t\t\t<h3><span style=\"color: #000000;\">Motor<\/span><\/h3><ul><li><span style=\"color: #000000;\">Modelo: SC9DK250G3-YTO<\/span><\/li><li><span style=\"color: #000000;\">Tipo: Diesel, refrigerado a \u00e1gua, turbocompressor e intercooler<\/span><\/li><li><span style=\"color: #000000;\">Pot\u00eancia m\u00e1x. (CV [kW] @ rpm): 247 cv @ 2200 rpm<\/span><\/li><li><span style=\"color: #000000;\">N\u00famero de cilindros\/di\u00e2metro cilindro e curso pist\u00e3o: 6 cilindros \/ 114 x 144 mm<\/span><\/li><li><span style=\"color: #000000;\">Torque m\u00e1ximo: 960 Nm @ 1600 rpm<\/span><\/li><\/ul><h3><span style=\"color: #000000;\">Embreagem<\/span><\/h3><ul><li><span style=\"color: #000000;\">Tipo: Seco, a\u00e7\u00e3o simples<\/span><\/li><li><span style=\"color: #000000;\">Di\u00e2metro: 16&#8243;<\/span><\/li><li><span style=\"color: #000000;\">Acionamento: Mec\u00e2nico por pedal<\/span><\/li><\/ul><h3><span style=\"color: #000000;\">Tomada de Pot\u00eancia (TDP)<\/span><\/h3><ul><li><span style=\"color: #000000;\">Tipo: Independente<\/span><\/li><li><span style=\"color: #000000;\">Velocidade (rpm): 540\/540E &#8211; 540\/1000 &#8211; 540\/720<\/span><\/li><li><span style=\"color: #000000;\">Acoplamento: Eletro-hidr\u00e1ulico<\/span><\/li><li><span style=\"color: #000000;\">Pot\u00eancia M\u00e1x. TDP: 204 cv<\/span><\/li><\/ul><h3><span style=\"color: #000000;\">Transmiss\u00e3o<\/span><\/h3><ul><li><span style=\"color: #000000;\">Tipo: Deslizante<\/span><\/li><li><span style=\"color: #000000;\">Posi\u00e7\u00e3o das alavancas: Lateral<\/span><\/li><li><span style=\"color: #000000;\">Marchas: 24F+8R<\/span><\/li><\/ul><h3><span style=\"color: #000000;\">Sistema Hidr\u00e1ulico<\/span><\/h3><ul><li><span style=\"color: #000000;\">Tipo: Categoria II\/III &#8211; mec\u00e2nico com posi\u00e7\u00e3o de controle e profundidade<\/span><\/li><li><span style=\"color: #000000;\">Vaz\u00e3o da bomba (L\/min): 90 L\/min<\/span><\/li><li><span style=\"color: #000000;\">Capacidade de levantamento no olhal: 7500 kg<\/span><\/li><\/ul><h3><span style=\"color: #000000;\">Freios<\/span><\/h3><ul><li><span style=\"color: #000000;\">Tipo: \u00damido\/disco<\/span><\/li><li><span style=\"color: #000000;\">Acionamento: Assist\u00eancia hidr\u00e1ulica, por pedal<\/span><\/li><li><span style=\"color: #000000;\">Freio de estacionamento: Trava pedal<\/span><\/li><\/ul><h3><span style=\"color: #000000;\">Dire\u00e7\u00e3o<\/span><\/h3><ul><li><span style=\"color: #000000;\">Tipo: Hidrost\u00e1tica com circuito hidr\u00e1ulico independente<\/span><\/li><\/ul><h3><span style=\"color: #000000;\">Sistema El\u00e9trico<\/span><\/h3><ul><li><span style=\"color: #000000;\">Tens\u00e3o sistema el\u00e9trico: 24V<\/span><\/li><li><span style=\"color: #000000;\">Alternador: 24V \/ 1500W<\/span><\/li><li><span style=\"color: #000000;\">Motor de partida: 24V \/ 7,5 kW<\/span><\/li><li><span style=\"color: #000000;\">Bateria: 2 x 12V \/ 120 Ah<\/span><\/li><\/ul><h3><span style=\"color: #000000;\">Pneus<\/span><\/h3><ul><li><span style=\"color: #000000;\">Dianteiros: 16.9-28<\/span><\/li><li><span style=\"color: #000000;\">Traseiros: 20.8-38 (rodado duplo)<\/span><\/li><\/ul><h3><span style=\"color: #000000;\">Pesos \/ Dimens\u00f5es \/ Capacidades<\/span><\/h3><ul><li><span style=\"color: #000000;\">Peso em ordem de marcha: 9960 kg<\/span><\/li><li><span style=\"color: #000000;\">Raio de giro: 7000 mm<\/span><\/li><li><span style=\"color: #000000;\">Comprimento: 5340 mm<\/span><\/li><li><span style=\"color: #000000;\">Dist\u00e2ncia entre eixos: 2928 mm<\/span><\/li><li><span style=\"color: #000000;\">Altura com cabine: 3400 mm<\/span><\/li><li><span style=\"color: #000000;\">Altura m\u00e1xima (at\u00e9 o volante): 2560 mm<\/span><\/li><li><span style=\"color: #000000;\">Bitola dianteira m\u00edn\/m\u00e1x: 1552 \/ 2252 mm<\/span><\/li><li><span style=\"color: #000000;\">Bitola traseira m\u00edn\/m\u00e1x: 1700 \/ 2288 mm<\/span><\/li><li><span style=\"color: #000000;\">Tanque de combust\u00edvel: 400 L<\/span><\/li><\/ul><h3><span style=\"color: #000000;\">Opcionais<\/span><\/h3><ul><li><span style=\"color: #000000;\">MP3<\/span><\/li><li><span style=\"color: #000000;\">Luz de trabalho girat\u00f3ria<\/span><\/li><li><span style=\"color: #000000;\">Farol de trabalho traseiro<\/span><\/li><\/ul><p>\u00a0<\/p>\t\t\t\t\t\t<\/div>\n\t\t\t\t<\/div>\n\t\t\t\t<div class=\"elementor-element elementor-element-443bf0e0 elementor-align-center elementor-widget elementor-widget-button\" data-id=\"443bf0e0\" data-element_type=\"widget\" data-widget_type=\"button.default\">\n\t\t\t\t<div class=\"elementor-widget-container\">\n\t\t\t\t\t<div class=\"elementor-button-wrapper\">\n\t\t\t<a class=\"elementor-button elementor-button-link elementor-size-sm\" href=\"https:\/\/web.whatsapp.com\/send?phone=5534999863729&#038;text=Ol%C3%A1%2C%20Gostaria%20de%20mais%20informa%C3%A7%C3%B5es%20sobre%20seus%20produtos.\">\n\t\t\t\t\t\t<span class=\"elementor-button-content-wrapper\">\n\t\t\t\t\t\t\t\t\t<span class=\"elementor-button-text\">CONVERSAR COM VENDEDOR<\/span>\n\t\t\t\t\t<\/span>\n\t\t\t\t\t<\/a>\n\t\t<\/div>\n\t\t\t\t<\/div>\n\t\t\t\t<\/div>\n\t\t\t\t\t<\/div>\n\t\t\t\t<\/div>\n\t\t<div class=\"elementor-element elementor-element-631eacc7 elementor-hidden-tablet elementor-hidden-mobile e-flex e-con-boxed e-con e-parent\" data-id=\"631eacc7\" data-element_type=\"container\">\n\t\t\t\t\t<div class=\"e-con-inner\">\n\t\t\t\t<div class=\"elementor-element elementor-element-d818ab4 elementor-widget elementor-widget-heading\" data-id=\"d818ab4\" data-element_type=\"widget\" data-widget_type=\"heading.default\">\n\t\t\t\t<div class=\"elementor-widget-container\">\n\t\t\t<h2 class=\"elementor-heading-title elementor-size-default\">Vantagens de adquirir um trator YTO<\/h2>\t\t<\/div>\n\t\t\t\t<\/div>\n\t\t\t\t\t<\/div>\n\t\t\t\t<\/div>\n\t\t<div class=\"elementor-element elementor-element-205788a3 elementor-hidden-tablet elementor-hidden-mobile elementor-hidden-laptop e-flex e-con-boxed e-con e-parent\" data-id=\"205788a3\" data-element_type=\"container\">\n\t\t\t\t\t<div class=\"e-con-inner\">\n\t\t<div class=\"elementor-element elementor-element-4e81c624 e-con-full e-flex e-con e-child\" data-id=\"4e81c624\" data-element_type=\"container\">\n\t\t\t\t<div class=\"elementor-element elementor-element-39c6bd5c elementor-position-top elementor-widget elementor-widget-image-box\" data-id=\"39c6bd5c\" data-element_type=\"widget\" data-widget_type=\"image-box.default\">\n\t\t\t\t<div class=\"elementor-widget-container\">\n\t\t\t<style>.elementor-widget-image-box .elementor-image-box-content{width:100%}@media (min-width:768px){.elementor-widget-image-box.elementor-position-left .elementor-image-box-wrapper,.elementor-widget-image-box.elementor-position-right .elementor-image-box-wrapper{display:flex}.elementor-widget-image-box.elementor-position-right .elementor-image-box-wrapper{text-align:end;flex-direction:row-reverse}.elementor-widget-image-box.elementor-position-left .elementor-image-box-wrapper{text-align:start;flex-direction:row}.elementor-widget-image-box.elementor-position-top .elementor-image-box-img{margin:auto}.elementor-widget-image-box.elementor-vertical-align-top .elementor-image-box-wrapper{align-items:flex-start}.elementor-widget-image-box.elementor-vertical-align-middle .elementor-image-box-wrapper{align-items:center}.elementor-widget-image-box.elementor-vertical-align-bottom .elementor-image-box-wrapper{align-items:flex-end}}@media (max-width:767px){.elementor-widget-image-box .elementor-image-box-img{margin-left:auto!important;margin-right:auto!important;margin-bottom:15px}}.elementor-widget-image-box .elementor-image-box-img{display:inline-block}.elementor-widget-image-box .elementor-image-box-title a{color:inherit}.elementor-widget-image-box .elementor-image-box-wrapper{text-align:center}.elementor-widget-image-box .elementor-image-box-description{margin:0}<\/style><div class=\"elementor-image-box-wrapper\"><figure class=\"elementor-image-box-img\"><img fetchpriority=\"high\" decoding=\"async\" width=\"768\" height=\"768\" src=\"https:\/\/mecaniza.com.br\/wp-content\/uploads\/2024\/04\/MKT-MECANIZA-4-768x768.png\" class=\"attachment-medium_large size-medium_large wp-image-1100\" alt=\"\" srcset=\"https:\/\/mecaniza.com.br\/wp-content\/uploads\/2024\/04\/MKT-MECANIZA-4-768x768.png 768w, https:\/\/mecaniza.com.br\/wp-content\/uploads\/2024\/04\/MKT-MECANIZA-4-300x300.png 300w, https:\/\/mecaniza.com.br\/wp-content\/uploads\/2024\/04\/MKT-MECANIZA-4-1024x1024.png 1024w, https:\/\/mecaniza.com.br\/wp-content\/uploads\/2024\/04\/MKT-MECANIZA-4-150x150.png 150w, https:\/\/mecaniza.com.br\/wp-content\/uploads\/2024\/04\/MKT-MECANIZA-4.png 1500w\" sizes=\"(max-width: 768px) 100vw, 768px\" \/><\/figure><div class=\"elementor-image-box-content\"><h3 class=\"elementor-image-box-title\">Excelente <\/h3><p class=\"elementor-image-box-description\">Custo-benef\u00edcio e grande disponibilidade<\/p><\/div><\/div>\t\t<\/div>\n\t\t\t\t<\/div>\n\t\t\t\t<\/div>\n\t\t<div class=\"elementor-element elementor-element-6744c8b8 e-con-full e-flex e-con e-child\" data-id=\"6744c8b8\" data-element_type=\"container\">\n\t\t\t\t<div class=\"elementor-element elementor-element-644e1684 elementor-position-top elementor-widget elementor-widget-image-box\" data-id=\"644e1684\" data-element_type=\"widget\" data-widget_type=\"image-box.default\">\n\t\t\t\t<div class=\"elementor-widget-container\">\n\t\t\t<div class=\"elementor-image-box-wrapper\"><figure class=\"elementor-image-box-img\"><img decoding=\"async\" width=\"1500\" height=\"1500\" src=\"https:\/\/mecaniza.com.br\/wp-content\/uploads\/2024\/04\/MKT-MECANIZA-5.png\" class=\"attachment-full size-full wp-image-1101\" alt=\"\" srcset=\"https:\/\/mecaniza.com.br\/wp-content\/uploads\/2024\/04\/MKT-MECANIZA-5.png 1500w, https:\/\/mecaniza.com.br\/wp-content\/uploads\/2024\/04\/MKT-MECANIZA-5-300x300.png 300w, https:\/\/mecaniza.com.br\/wp-content\/uploads\/2024\/04\/MKT-MECANIZA-5-1024x1024.png 1024w, https:\/\/mecaniza.com.br\/wp-content\/uploads\/2024\/04\/MKT-MECANIZA-5-150x150.png 150w, https:\/\/mecaniza.com.br\/wp-content\/uploads\/2024\/04\/MKT-MECANIZA-5-768x768.png 768w\" sizes=\"(max-width: 1500px) 100vw, 1500px\" \/><\/figure><div class=\"elementor-image-box-content\"><h3 class=\"elementor-image-box-title\">Pre\u00e7os<\/h3><p class=\"elementor-image-box-description\">E condi\u00e7\u00f5es especiais imperd\u00edveis para a aquisi\u00e7\u00e3o do seu trator YTO.<\/p><\/div><\/div>\t\t<\/div>\n\t\t\t\t<\/div>\n\t\t\t\t<\/div>\n\t\t<div class=\"elementor-element elementor-element-5445ca2e e-con-full e-flex e-con e-child\" data-id=\"5445ca2e\" data-element_type=\"container\">\n\t\t\t\t<div class=\"elementor-element elementor-element-25024236 elementor-position-top elementor-widget elementor-widget-image-box\" data-id=\"25024236\" data-element_type=\"widget\" data-widget_type=\"image-box.default\">\n\t\t\t\t<div class=\"elementor-widget-container\">\n\t\t\t<div class=\"elementor-image-box-wrapper\"><figure class=\"elementor-image-box-img\"><img decoding=\"async\" width=\"768\" height=\"768\" src=\"https:\/\/mecaniza.com.br\/wp-content\/uploads\/2024\/04\/MKT-MECANIZA-6-768x768.png\" class=\"attachment-medium_large size-medium_large wp-image-1102\" alt=\"\" srcset=\"https:\/\/mecaniza.com.br\/wp-content\/uploads\/2024\/04\/MKT-MECANIZA-6-768x768.png 768w, https:\/\/mecaniza.com.br\/wp-content\/uploads\/2024\/04\/MKT-MECANIZA-6-300x300.png 300w, https:\/\/mecaniza.com.br\/wp-content\/uploads\/2024\/04\/MKT-MECANIZA-6-1024x1024.png 1024w, https:\/\/mecaniza.com.br\/wp-content\/uploads\/2024\/04\/MKT-MECANIZA-6-150x150.png 150w, https:\/\/mecaniza.com.br\/wp-content\/uploads\/2024\/04\/MKT-MECANIZA-6.png 1500w\" sizes=\"(max-width: 768px) 100vw, 768px\" \/><\/figure><div class=\"elementor-image-box-content\"><h3 class=\"elementor-image-box-title\">Prazo<\/h3><p class=\"elementor-image-box-description\">de at\u00e9 7 anos para pagar <br>seu trator YTO<\/p><\/div><\/div>\t\t<\/div>\n\t\t\t\t<\/div>\n\t\t\t\t<\/div>\n\t\t\t\t\t<\/div>\n\t\t\t\t<\/div>\n\t\t<div class=\"elementor-element elementor-element-4cf44e3a elementor-hidden-desktop elementor-hidden-laptop e-flex e-con-boxed e-con e-parent\" data-id=\"4cf44e3a\" data-element_type=\"container\">\n\t\t\t\t\t<div class=\"e-con-inner\">\n\t\t<div class=\"elementor-element elementor-element-751b732c elementor-hidden-desktop elementor-hidden-laptop e-con-full e-flex e-con e-child\" data-id=\"751b732c\" data-element_type=\"container\">\n\t\t\t\t<div class=\"elementor-element elementor-element-2d3c7793 elementor-widget elementor-widget-heading\" data-id=\"2d3c7793\" data-element_type=\"widget\" data-widget_type=\"heading.default\">\n\t\t\t\t<div class=\"elementor-widget-container\">\n\t\t\t<h2 class=\"elementor-heading-title elementor-size-default\">Vantagens de adquirir um trator YTO<\/h2>\t\t<\/div>\n\t\t\t\t<\/div>\n\t\t\t\t<\/div>\n\t\t<div class=\"elementor-element elementor-element-5d7ff40b e-con-full e-flex e-con e-child\" data-id=\"5d7ff40b\" data-element_type=\"container\">\n\t\t\t\t<div class=\"elementor-element elementor-element-48e399b elementor-position-top elementor-widget elementor-widget-image-box\" data-id=\"48e399b\" data-element_type=\"widget\" data-widget_type=\"image-box.default\">\n\t\t\t\t<div class=\"elementor-widget-container\">\n\t\t\t<div class=\"elementor-image-box-wrapper\"><figure class=\"elementor-image-box-img\"><img fetchpriority=\"high\" decoding=\"async\" width=\"768\" height=\"768\" src=\"https:\/\/mecaniza.com.br\/wp-content\/uploads\/2024\/04\/MKT-MECANIZA-4-768x768.png\" class=\"attachment-medium_large size-medium_large wp-image-1100\" alt=\"\" srcset=\"https:\/\/mecaniza.com.br\/wp-content\/uploads\/2024\/04\/MKT-MECANIZA-4-768x768.png 768w, https:\/\/mecaniza.com.br\/wp-content\/uploads\/2024\/04\/MKT-MECANIZA-4-300x300.png 300w, https:\/\/mecaniza.com.br\/wp-content\/uploads\/2024\/04\/MKT-MECANIZA-4-1024x1024.png 1024w, https:\/\/mecaniza.com.br\/wp-content\/uploads\/2024\/04\/MKT-MECANIZA-4-150x150.png 150w, https:\/\/mecaniza.com.br\/wp-content\/uploads\/2024\/04\/MKT-MECANIZA-4.png 1500w\" sizes=\"(max-width: 768px) 100vw, 768px\" \/><\/figure><div class=\"elementor-image-box-content\"><h3 class=\"elementor-image-box-title\">Excelente <\/h3><p class=\"elementor-image-box-description\">Custo-benef\u00edcio e grande disponibilidade<\/p><\/div><\/div>\t\t<\/div>\n\t\t\t\t<\/div>\n\t\t\t\t<\/div>\n\t\t<div class=\"elementor-element elementor-element-5534c414 e-con-full e-flex e-con e-child\" data-id=\"5534c414\" data-element_type=\"container\">\n\t\t\t\t<div class=\"elementor-element elementor-element-227217cb elementor-position-top elementor-widget elementor-widget-image-box\" data-id=\"227217cb\" data-element_type=\"widget\" data-widget_type=\"image-box.default\">\n\t\t\t\t<div class=\"elementor-widget-container\">\n\t\t\t<div class=\"elementor-image-box-wrapper\"><figure class=\"elementor-image-box-img\"><img decoding=\"async\" width=\"1500\" height=\"1500\" src=\"https:\/\/mecaniza.com.br\/wp-content\/uploads\/2024\/04\/MKT-MECANIZA-5.png\" class=\"attachment-full size-full wp-image-1101\" alt=\"\" srcset=\"https:\/\/mecaniza.com.br\/wp-content\/uploads\/2024\/04\/MKT-MECANIZA-5.png 1500w, https:\/\/mecaniza.com.br\/wp-content\/uploads\/2024\/04\/MKT-MECANIZA-5-300x300.png 300w, https:\/\/mecaniza.com.br\/wp-content\/uploads\/2024\/04\/MKT-MECANIZA-5-1024x1024.png 1024w, https:\/\/mecaniza.com.br\/wp-content\/uploads\/2024\/04\/MKT-MECANIZA-5-150x150.png 150w, https:\/\/mecaniza.com.br\/wp-content\/uploads\/2024\/04\/MKT-MECANIZA-5-768x768.png 768w\" sizes=\"(max-width: 1500px) 100vw, 1500px\" \/><\/figure><div class=\"elementor-image-box-content\"><h3 class=\"elementor-image-box-title\">Pre\u00e7os<\/h3><p class=\"elementor-image-box-description\">E condi\u00e7\u00f5es especiais imperd\u00edveis para a aquisi\u00e7\u00e3o do seu trator YTO.<\/p><\/div><\/div>\t\t<\/div>\n\t\t\t\t<\/div>\n\t\t\t\t<\/div>\n\t\t<div class=\"elementor-element elementor-element-6b335b64 e-con-full e-flex e-con e-child\" data-id=\"6b335b64\" data-element_type=\"container\">\n\t\t\t\t<div class=\"elementor-element elementor-element-26748482 elementor-position-top elementor-widget elementor-widget-image-box\" data-id=\"26748482\" data-element_type=\"widget\" data-widget_type=\"image-box.default\">\n\t\t\t\t<div class=\"elementor-widget-container\">\n\t\t\t<div class=\"elementor-image-box-wrapper\"><figure class=\"elementor-image-box-img\"><img decoding=\"async\" width=\"768\" height=\"768\" src=\"https:\/\/mecaniza.com.br\/wp-content\/uploads\/2024\/04\/MKT-MECANIZA-6-768x768.png\" class=\"attachment-medium_large size-medium_large wp-image-1102\" alt=\"\" srcset=\"https:\/\/mecaniza.com.br\/wp-content\/uploads\/2024\/04\/MKT-MECANIZA-6-768x768.png 768w, https:\/\/mecaniza.com.br\/wp-content\/uploads\/2024\/04\/MKT-MECANIZA-6-300x300.png 300w, https:\/\/mecaniza.com.br\/wp-content\/uploads\/2024\/04\/MKT-MECANIZA-6-1024x1024.png 1024w, https:\/\/mecaniza.com.br\/wp-content\/uploads\/2024\/04\/MKT-MECANIZA-6-150x150.png 150w, https:\/\/mecaniza.com.br\/wp-content\/uploads\/2024\/04\/MKT-MECANIZA-6.png 1500w\" sizes=\"(max-width: 768px) 100vw, 768px\" \/><\/figure><div class=\"elementor-image-box-content\"><h3 class=\"elementor-image-box-title\">Prazo<\/h3><p class=\"elementor-image-box-description\">de at\u00e9 7 anos para pagar <br>seu trator YTO<\/p><\/div><\/div>\t\t<\/div>\n\t\t\t\t<\/div>\n\t\t\t\t<\/div>\n\t\t\t\t\t<\/div>\n\t\t\t\t<\/div>\n\t\t<div class=\"elementor-element elementor-element-2e09e479 e-flex e-con-boxed e-con e-parent\" data-id=\"2e09e479\" data-element_type=\"container\">\n\t\t\t\t\t<div class=\"e-con-inner\">\n\t\t\t\t<div class=\"elementor-element elementor-element-405846a6 elementor-widget elementor-widget-heading\" data-id=\"405846a6\" data-element_type=\"widget\" data-widget_type=\"heading.default\">\n\t\t\t\t<div class=\"elementor-widget-container\">\n\t\t\t<h2 class=\"elementor-heading-title elementor-size-default\">Nossos Parceiros\n<\/h2>\t\t<\/div>\n\t\t\t\t<\/div>\n\t\t\t\t<div class=\"elementor-element elementor-element-1a547305 elementor-arrows-position-inside elementor-widget elementor-widget-image-carousel\" data-id=\"1a547305\" data-element_type=\"widget\" data-settings=\"{&quot;navigation&quot;:&quot;arrows&quot;,&quot;pause_on_interaction&quot;:&quot;no&quot;,&quot;speed&quot;:5000,&quot;autoplay&quot;:&quot;yes&quot;,&quot;pause_on_hover&quot;:&quot;yes&quot;,&quot;autoplay_speed&quot;:5000,&quot;infinite&quot;:&quot;yes&quot;}\" data-widget_type=\"image-carousel.default\">\n\t\t\t\t<div class=\"elementor-widget-container\">\n\t\t\t<style>\/*! elementor - v3.23.0 - 05-08-2024 *\/\n.elementor-widget-image-carousel .swiper,.elementor-widget-image-carousel .swiper-container{position:static}.elementor-widget-image-carousel .swiper-container .swiper-slide figure,.elementor-widget-image-carousel .swiper .swiper-slide figure{line-height:inherit}.elementor-widget-image-carousel .swiper-slide{text-align:center}.elementor-image-carousel-wrapper:not(.swiper-container-initialized):not(.swiper-initialized) .swiper-slide{max-width:calc(100% \/ var(--e-image-carousel-slides-to-show, 3))}<\/style>\t\t<div class=\"elementor-image-carousel-wrapper swiper\" dir=\"ltr\">\n\t\t\t<div class=\"elementor-image-carousel swiper-wrapper\" aria-live=\"off\">\n\t\t\t\t\t\t\t\t<div class=\"swiper-slide\" role=\"group\" aria-roledescription=\"slide\" aria-label=\"1 de 6\"><figure class=\"swiper-slide-inner\"><img decoding=\"async\" class=\"swiper-slide-image\" src=\"https:\/\/mecaniza.com.br\/wp-content\/uploads\/2023\/10\/1-1-300x150.png\" alt=\"1\" \/><\/figure><\/div><div class=\"swiper-slide\" role=\"group\" aria-roledescription=\"slide\" aria-label=\"2 de 6\"><figure class=\"swiper-slide-inner\"><img decoding=\"async\" class=\"swiper-slide-image\" src=\"https:\/\/mecaniza.com.br\/wp-content\/uploads\/2023\/10\/2-1-300x150.png\" alt=\"2\" \/><\/figure><\/div><div class=\"swiper-slide\" role=\"group\" aria-roledescription=\"slide\" aria-label=\"3 de 6\"><figure class=\"swiper-slide-inner\"><img decoding=\"async\" class=\"swiper-slide-image\" src=\"https:\/\/mecaniza.com.br\/wp-content\/uploads\/2023\/10\/3-1-300x150.png\" alt=\"3\" \/><\/figure><\/div><div class=\"swiper-slide\" role=\"group\" aria-roledescription=\"slide\" aria-label=\"4 de 6\"><figure class=\"swiper-slide-inner\"><img decoding=\"async\" class=\"swiper-slide-image\" src=\"https:\/\/mecaniza.com.br\/wp-content\/uploads\/2023\/10\/4-1-300x150.png\" alt=\"4\" \/><\/figure><\/div><div class=\"swiper-slide\" role=\"group\" aria-roledescription=\"slide\" aria-label=\"5 de 6\"><figure class=\"swiper-slide-inner\"><img decoding=\"async\" class=\"swiper-slide-image\" src=\"https:\/\/mecaniza.com.br\/wp-content\/uploads\/2023\/10\/5-1-300x150.png\" alt=\"5\" \/><\/figure><\/div><div class=\"swiper-slide\" role=\"group\" aria-roledescription=\"slide\" aria-label=\"6 de 6\"><figure class=\"swiper-slide-inner\"><img decoding=\"async\" class=\"swiper-slide-image\" src=\"https:\/\/mecaniza.com.br\/wp-content\/uploads\/2024\/02\/MARCAS-MECANIZA-300x150.png\" alt=\"MARCAS MECANIZA\" \/><\/figure><\/div>\t\t\t<\/div>\n\t\t\t\t\t\t\t\t\t\t\t\t<div class=\"elementor-swiper-button elementor-swiper-button-prev\" role=\"button\" tabindex=\"0\">\n\t\t\t\t\t\t<i aria-hidden=\"true\" class=\"eicon-chevron-left\"><\/i>\t\t\t\t\t<\/div>\n\t\t\t\t\t<div class=\"elementor-swiper-button elementor-swiper-button-next\" role=\"button\" tabindex=\"0\">\n\t\t\t\t\t\t<i aria-hidden=\"true\" class=\"eicon-chevron-right\"><\/i>\t\t\t\t\t<\/div>\n\t\t\t\t\n\t\t\t\t\t\t\t\t\t<\/div>\n\t\t\t\t<\/div>\n\t\t\t\t<\/div>\n\t\t\t\t\t<\/div>\n\t\t\t\t<\/div>\n\t\t\t\t<\/div>\n\t\t","protected":false},"excerpt":{"rendered":"<p>DESCRI\u00c7\u00c3O DO PRODUTO: Motor Modelo: SC9DK250G3-YTO Tipo: Diesel, refrigerado a \u00e1gua, turbocompressor e intercooler Pot\u00eancia m\u00e1x. (CV [kW] @ rpm): 247 cv @ 2200 rpm N\u00famero de cilindros\/di\u00e2metro cilindro e curso pist\u00e3o: 6 cilindros \/ 114 x 144 mm Torque m\u00e1ximo: 960 Nm @ 1600 rpm Embreagem Tipo: Seco, a\u00e7\u00e3o simples Di\u00e2metro: 16&#8243; Acionamento: Mec\u00e2nico [&hellip;]<\/p>\n","protected":false},"author":1,"featured_media":0,"parent":0,"menu_order":0,"comment_status":"closed","ping_status":"closed","template":"elementor_header_footer","meta":{"_joinchat":[],"footnotes":""},"class_list":["post-1626","page","type-page","status-publish","hentry"],"_links":{"self":[{"href":"https:\/\/mecaniza.com.br\/index.php?rest_route=\/wp\/v2\/pages\/1626","targetHints":{"allow":["GET"]}}],"collection":[{"href":"https:\/\/mecaniza.com.br\/index.php?rest_route=\/wp\/v2\/pages"}],"about":[{"href":"https:\/\/mecaniza.com.br\/index.php?rest_route=\/wp\/v2\/types\/page"}],"author":[{"embeddable":true,"href":"https:\/\/mecaniza.com.br\/index.php?rest_route=\/wp\/v2\/users\/1"}],"replies":[{"embeddable":true,"href":"https:\/\/mecaniza.com.br\/index.php?rest_route=%2Fwp%2Fv2%2Fcomments&post=1626"}],"version-history":[{"count":4,"href":"https:\/\/mecaniza.com.br\/index.php?rest_route=\/wp\/v2\/pages\/1626\/revisions"}],"predecessor-version":[{"id":1630,"href":"https:\/\/mecaniza.com.br\/index.php?rest_route=\/wp\/v2\/pages\/1626\/revisions\/1630"}],"wp:attachment":[{"href":"https:\/\/mecaniza.com.br\/index.php?rest_route=%2Fwp%2Fv2%2Fmedia&parent=1626"}],"curies":[{"name":"wp","href":"https:\/\/api.w.org\/{rel}","templated":true}]}}