{"id":1546,"date":"2024-08-24T10:42:13","date_gmt":"2024-08-24T13:42:13","guid":{"rendered":"https:\/\/mecaniza.com.br\/?page_id=1546"},"modified":"2024-08-24T11:04:15","modified_gmt":"2024-08-24T14:04:15","slug":"modelo-mf-504-5-sistema-eletrico","status":"publish","type":"page","link":"https:\/\/mecaniza.com.br\/?page_id=1546","title":{"rendered":"MODELO MF 504-5 SISTEMA EL\u00c9TRICO"},"content":{"rendered":"\t\t<div data-elementor-type=\"wp-page\" data-elementor-id=\"1546\" class=\"elementor elementor-1546\">\n\t\t\t\t<div class=\"elementor-element elementor-element-208d7502 e-flex e-con-boxed e-con e-parent\" data-id=\"208d7502\" data-element_type=\"container\">\n\t\t\t\t\t<div class=\"e-con-inner\">\n\t\t\t\t<div class=\"elementor-element elementor-element-ffa5f73 elementor-widget elementor-widget-heading\" data-id=\"ffa5f73\" data-element_type=\"widget\" data-widget_type=\"heading.default\">\n\t\t\t\t<div class=\"elementor-widget-container\">\n\t\t\t<style>\/*! elementor - v3.23.0 - 05-08-2024 *\/\n.elementor-heading-title{padding:0;margin:0;line-height:1}.elementor-widget-heading .elementor-heading-title[class*=elementor-size-]>a{color:inherit;font-size:inherit;line-height:inherit}.elementor-widget-heading .elementor-heading-title.elementor-size-small{font-size:15px}.elementor-widget-heading .elementor-heading-title.elementor-size-medium{font-size:19px}.elementor-widget-heading .elementor-heading-title.elementor-size-large{font-size:29px}.elementor-widget-heading .elementor-heading-title.elementor-size-xl{font-size:39px}.elementor-widget-heading .elementor-heading-title.elementor-size-xxl{font-size:59px}<\/style><h2 class=\"elementor-heading-title elementor-size-default\">DESCRI\u00c7\u00c3O DO PRODUTO:<\/h2>\t\t<\/div>\n\t\t\t\t<\/div>\n\t\t\t\t<div class=\"elementor-element elementor-element-2f43d83 elementor-widget elementor-widget-text-editor\" data-id=\"2f43d83\" data-element_type=\"widget\" data-widget_type=\"text-editor.default\">\n\t\t\t\t<div class=\"elementor-widget-container\">\n\t\t\t<style>\/*! elementor - v3.23.0 - 05-08-2024 *\/\n.elementor-widget-text-editor.elementor-drop-cap-view-stacked .elementor-drop-cap{background-color:#69727d;color:#fff}.elementor-widget-text-editor.elementor-drop-cap-view-framed .elementor-drop-cap{color:#69727d;border:3px solid;background-color:transparent}.elementor-widget-text-editor:not(.elementor-drop-cap-view-default) .elementor-drop-cap{margin-top:8px}.elementor-widget-text-editor:not(.elementor-drop-cap-view-default) .elementor-drop-cap-letter{width:1em;height:1em}.elementor-widget-text-editor .elementor-drop-cap{float:left;text-align:center;line-height:1;font-size:50px}.elementor-widget-text-editor .elementor-drop-cap-letter{display:inline-block}<\/style>\t\t\t\t<h3><span style=\"color: #000000;\">Motor<\/span><\/h3>\n<ul>\n<li><span style=\"color: #000000;\">Modelo: YD 385 &#8211; T &#8211; YTO<\/span><\/li>\n<li><span style=\"color: #000000;\">Tipo: Diesel, 4 cilindros mec\u00e2nico aspirado<\/span><\/li>\n<li><span style=\"color: #000000;\">Pot\u00eancia M\u00e1xima (CV\/kW) @ rpm: 24 cv @ 2300 rpm<\/span><\/li>\n<li><span style=\"color: #000000;\">N\u00ba cilindros \/ di\u00e2metro cilindro x curso pist\u00e3o: 3 cilindros\/ 85 x 90 mm<\/span><\/li>\n<li><span style=\"color: #000000;\">Torque M\u00e1ximo: 95 Nm @ 1645 rpm<\/span><\/li>\n<\/ul>\n<h3><span style=\"color: #000000;\">Embreagem<\/span><\/h3>\n<ul>\n<li><span style=\"color: #000000;\">Tipo: Seco, a\u00e7\u00e3o simples<\/span><\/li>\n<li><span style=\"color: #000000;\">Di\u00e2metro: 9&#8243;<\/span><\/li>\n<li><span style=\"color: #000000;\">Acionamento: Mec\u00e2nico por pedal<\/span><\/li>\n<\/ul>\n<h3><span style=\"color: #000000;\">Tomada de Pot\u00eancia (TDP)<\/span><\/h3>\n<ul>\n<li><span style=\"color: #000000;\">Tipo: Independente<\/span><\/li>\n<li><span style=\"color: #000000;\">Velocidade (rpm): 540\/540E<\/span><\/li>\n<li><span style=\"color: #000000;\">Acoplamento: Mec\u00e2nico manual<\/span><\/li>\n<li><span style=\"color: #000000;\">Pot\u00eancia M\u00e1xima TDP: 21 cv<\/span><\/li>\n<\/ul>\n<h3><span style=\"color: #000000;\">Transmiss\u00e3o<\/span><\/h3>\n<ul>\n<li><span style=\"color: #000000;\">Tipo: Mec\u00e2nica<\/span><\/li>\n<li><span style=\"color: #000000;\">Posi\u00e7\u00e3o alavancas: Central<\/span><\/li>\n<li><span style=\"color: #000000;\">Marchas: 8F\/2R<\/span><\/li>\n<\/ul>\n<h3><span style=\"color: #000000;\">Sistema Hidr\u00e1ulico<\/span><\/h3>\n<ul>\n<li><span style=\"color: #000000;\">Tipo: Categoria I &#8211; mec\u00e2nico com posi\u00e7\u00e3o de controle e profundidade<\/span><\/li>\n<li><span style=\"color: #000000;\">Vaz\u00e3o da bomba (L\/min): 19.8 L\/min<\/span><\/li>\n<li><span style=\"color: #000000;\">Capacidade de levante no olhal: 800 kg<\/span><\/li>\n<\/ul>\n<h3><span style=\"color: #000000;\">Freios<\/span><\/h3>\n<ul>\n<li><span style=\"color: #000000;\">Tipo: \u00damido\/disco<\/span><\/li>\n<li><span style=\"color: #000000;\">Acionamento: Mec\u00e2nico, por pedal<\/span><\/li>\n<li><span style=\"color: #000000;\">Freio de estacionamento: Trava pedal<\/span><\/li>\n<\/ul>\n<h3><span style=\"color: #000000;\">Dire\u00e7\u00e3o<\/span><\/h3>\n<ul>\n<li><span style=\"color: #000000;\">Tipo: Mec\u00e2nica<\/span><\/li>\n<\/ul>\n<h3><span style=\"color: #000000;\">Sistema El\u00e9trico<\/span><\/h3>\n<ul>\n<li><span style=\"color: #000000;\">Tens\u00e3o sist. el\u00e9trico: 12V<\/span><\/li>\n<li><span style=\"color: #000000;\">Alternador: 14V, 700W<\/span><\/li>\n<li><span style=\"color: #000000;\">Motor de partida: 12V, 3.8 kW<\/span><\/li>\n<li><span style=\"color: #000000;\">Bateria: 12V\/120 AH<\/span><\/li>\n<\/ul>\n<h3><span style=\"color: #000000;\">Pneus<\/span><\/h3>\n<ul>\n<li><span style=\"color: #000000;\">Dianteiros: 6.0 &#8211; 16<\/span><\/li>\n<li><span style=\"color: #000000;\">Traseiros: 9.5 &#8211; 24<\/span><\/li>\n<\/ul>\n<h3><span style=\"color: #000000;\">Pesos \/ Dimens\u00f5es \/ Capacidades<\/span><\/h3>\n<ul>\n<li><span style=\"color: #000000;\">Peso em ordem de marcha: 1720 &#8211; 1820 kg<\/span><\/li>\n<li><span style=\"color: #000000;\">Raio de giro: 3800 mm<\/span><\/li>\n<li><span style=\"color: #000000;\">Comprimento: 3480 mm<\/span><\/li>\n<li><span style=\"color: #000000;\">Dist\u00e2ncia entre eixos: 1650 mm<\/span><\/li>\n<li><span style=\"color: #000000;\">Altura c\/ cabine: 2235 mm<\/span><\/li>\n<li><span style=\"color: #000000;\">Altura m\u00e1xima (at\u00e9 o volante): 1470 mm<\/span><\/li>\n<li><span style=\"color: #000000;\">Bitola dianteira m\u00edn\/m\u00e1x: 1200 mm<\/span><\/li>\n<li><span style=\"color: #000000;\">Bitola traseira m\u00edn\/m\u00e1x: 1200\/1300 mm<\/span><\/li>\n<li><span style=\"color: #000000;\">Tanque de combust\u00edvel: 35 L (ROPS), 40 L (Cabine)<\/span><\/li>\n<\/ul>\n<h3><span style=\"color: #000000;\">Opcionais<\/span><\/h3>\n<ul>\n<li><span style=\"color: #000000;\">Cabine com ar condicionado<\/span><\/li>\n<li><span style=\"color: #000000;\">Bitola 0,9 m<\/span><\/li>\n<\/ul>\t\t\t\t\t\t<\/div>\n\t\t\t\t<\/div>\n\t\t\t\t<div class=\"elementor-element elementor-element-4d1de979 elementor-align-center elementor-widget elementor-widget-button\" data-id=\"4d1de979\" data-element_type=\"widget\" data-widget_type=\"button.default\">\n\t\t\t\t<div class=\"elementor-widget-container\">\n\t\t\t\t\t<div class=\"elementor-button-wrapper\">\n\t\t\t<a class=\"elementor-button elementor-button-link elementor-size-sm\" href=\"https:\/\/web.whatsapp.com\/send?phone=5534999863729&#038;text=Ol%C3%A1%2C%20Gostaria%20de%20mais%20informa%C3%A7%C3%B5es%20sobre%20seus%20produtos.\">\n\t\t\t\t\t\t<span class=\"elementor-button-content-wrapper\">\n\t\t\t\t\t\t\t\t\t<span class=\"elementor-button-text\">CONVERSAR COM VENDEDOR<\/span>\n\t\t\t\t\t<\/span>\n\t\t\t\t\t<\/a>\n\t\t<\/div>\n\t\t\t\t<\/div>\n\t\t\t\t<\/div>\n\t\t\t\t\t<\/div>\n\t\t\t\t<\/div>\n\t\t<div class=\"elementor-element elementor-element-2461a2b4 elementor-hidden-tablet elementor-hidden-mobile e-flex e-con-boxed e-con e-parent\" data-id=\"2461a2b4\" data-element_type=\"container\">\n\t\t\t\t\t<div class=\"e-con-inner\">\n\t\t\t\t<div class=\"elementor-element elementor-element-224be3cd elementor-widget elementor-widget-heading\" data-id=\"224be3cd\" data-element_type=\"widget\" data-widget_type=\"heading.default\">\n\t\t\t\t<div class=\"elementor-widget-container\">\n\t\t\t<h2 class=\"elementor-heading-title elementor-size-default\">Vantagens de adquirir um trator YTO<\/h2>\t\t<\/div>\n\t\t\t\t<\/div>\n\t\t\t\t\t<\/div>\n\t\t\t\t<\/div>\n\t\t<div class=\"elementor-element elementor-element-756925a5 elementor-hidden-tablet elementor-hidden-mobile elementor-hidden-laptop e-flex e-con-boxed e-con e-parent\" data-id=\"756925a5\" data-element_type=\"container\">\n\t\t\t\t\t<div class=\"e-con-inner\">\n\t\t<div class=\"elementor-element elementor-element-1be05a36 e-con-full e-flex e-con e-child\" data-id=\"1be05a36\" data-element_type=\"container\">\n\t\t\t\t<div class=\"elementor-element elementor-element-182f4d30 elementor-position-top elementor-widget elementor-widget-image-box\" data-id=\"182f4d30\" data-element_type=\"widget\" data-widget_type=\"image-box.default\">\n\t\t\t\t<div class=\"elementor-widget-container\">\n\t\t\t<style>.elementor-widget-image-box .elementor-image-box-content{width:100%}@media (min-width:768px){.elementor-widget-image-box.elementor-position-left .elementor-image-box-wrapper,.elementor-widget-image-box.elementor-position-right .elementor-image-box-wrapper{display:flex}.elementor-widget-image-box.elementor-position-right .elementor-image-box-wrapper{text-align:end;flex-direction:row-reverse}.elementor-widget-image-box.elementor-position-left .elementor-image-box-wrapper{text-align:start;flex-direction:row}.elementor-widget-image-box.elementor-position-top .elementor-image-box-img{margin:auto}.elementor-widget-image-box.elementor-vertical-align-top .elementor-image-box-wrapper{align-items:flex-start}.elementor-widget-image-box.elementor-vertical-align-middle .elementor-image-box-wrapper{align-items:center}.elementor-widget-image-box.elementor-vertical-align-bottom .elementor-image-box-wrapper{align-items:flex-end}}@media (max-width:767px){.elementor-widget-image-box .elementor-image-box-img{margin-left:auto!important;margin-right:auto!important;margin-bottom:15px}}.elementor-widget-image-box .elementor-image-box-img{display:inline-block}.elementor-widget-image-box .elementor-image-box-title a{color:inherit}.elementor-widget-image-box .elementor-image-box-wrapper{text-align:center}.elementor-widget-image-box .elementor-image-box-description{margin:0}<\/style><div class=\"elementor-image-box-wrapper\"><figure class=\"elementor-image-box-img\"><img fetchpriority=\"high\" decoding=\"async\" width=\"768\" height=\"768\" src=\"https:\/\/mecaniza.com.br\/wp-content\/uploads\/2024\/04\/MKT-MECANIZA-4-768x768.png\" class=\"attachment-medium_large size-medium_large wp-image-1100\" alt=\"\" srcset=\"https:\/\/mecaniza.com.br\/wp-content\/uploads\/2024\/04\/MKT-MECANIZA-4-768x768.png 768w, https:\/\/mecaniza.com.br\/wp-content\/uploads\/2024\/04\/MKT-MECANIZA-4-300x300.png 300w, https:\/\/mecaniza.com.br\/wp-content\/uploads\/2024\/04\/MKT-MECANIZA-4-1024x1024.png 1024w, https:\/\/mecaniza.com.br\/wp-content\/uploads\/2024\/04\/MKT-MECANIZA-4-150x150.png 150w, https:\/\/mecaniza.com.br\/wp-content\/uploads\/2024\/04\/MKT-MECANIZA-4.png 1500w\" sizes=\"(max-width: 768px) 100vw, 768px\" \/><\/figure><div class=\"elementor-image-box-content\"><h3 class=\"elementor-image-box-title\">Excelente <\/h3><p class=\"elementor-image-box-description\">Custo-benef\u00edcio e grande disponibilidade<\/p><\/div><\/div>\t\t<\/div>\n\t\t\t\t<\/div>\n\t\t\t\t<\/div>\n\t\t<div class=\"elementor-element elementor-element-4d09a2cc e-con-full e-flex e-con e-child\" data-id=\"4d09a2cc\" data-element_type=\"container\">\n\t\t\t\t<div class=\"elementor-element elementor-element-276e0440 elementor-position-top elementor-widget elementor-widget-image-box\" data-id=\"276e0440\" data-element_type=\"widget\" data-widget_type=\"image-box.default\">\n\t\t\t\t<div class=\"elementor-widget-container\">\n\t\t\t<div class=\"elementor-image-box-wrapper\"><figure class=\"elementor-image-box-img\"><img decoding=\"async\" width=\"1500\" height=\"1500\" src=\"https:\/\/mecaniza.com.br\/wp-content\/uploads\/2024\/04\/MKT-MECANIZA-5.png\" class=\"attachment-full size-full wp-image-1101\" alt=\"\" srcset=\"https:\/\/mecaniza.com.br\/wp-content\/uploads\/2024\/04\/MKT-MECANIZA-5.png 1500w, https:\/\/mecaniza.com.br\/wp-content\/uploads\/2024\/04\/MKT-MECANIZA-5-300x300.png 300w, https:\/\/mecaniza.com.br\/wp-content\/uploads\/2024\/04\/MKT-MECANIZA-5-1024x1024.png 1024w, https:\/\/mecaniza.com.br\/wp-content\/uploads\/2024\/04\/MKT-MECANIZA-5-150x150.png 150w, https:\/\/mecaniza.com.br\/wp-content\/uploads\/2024\/04\/MKT-MECANIZA-5-768x768.png 768w\" sizes=\"(max-width: 1500px) 100vw, 1500px\" \/><\/figure><div class=\"elementor-image-box-content\"><h3 class=\"elementor-image-box-title\">Pre\u00e7os<\/h3><p class=\"elementor-image-box-description\">E condi\u00e7\u00f5es especiais imperd\u00edveis para a aquisi\u00e7\u00e3o do seu trator YTO.<\/p><\/div><\/div>\t\t<\/div>\n\t\t\t\t<\/div>\n\t\t\t\t<\/div>\n\t\t<div class=\"elementor-element elementor-element-ad9e30c e-con-full e-flex e-con e-child\" data-id=\"ad9e30c\" data-element_type=\"container\">\n\t\t\t\t<div class=\"elementor-element elementor-element-adb120d elementor-position-top elementor-widget elementor-widget-image-box\" data-id=\"adb120d\" data-element_type=\"widget\" data-widget_type=\"image-box.default\">\n\t\t\t\t<div class=\"elementor-widget-container\">\n\t\t\t<div class=\"elementor-image-box-wrapper\"><figure class=\"elementor-image-box-img\"><img decoding=\"async\" width=\"768\" height=\"768\" src=\"https:\/\/mecaniza.com.br\/wp-content\/uploads\/2024\/04\/MKT-MECANIZA-6-768x768.png\" class=\"attachment-medium_large size-medium_large wp-image-1102\" alt=\"\" srcset=\"https:\/\/mecaniza.com.br\/wp-content\/uploads\/2024\/04\/MKT-MECANIZA-6-768x768.png 768w, https:\/\/mecaniza.com.br\/wp-content\/uploads\/2024\/04\/MKT-MECANIZA-6-300x300.png 300w, https:\/\/mecaniza.com.br\/wp-content\/uploads\/2024\/04\/MKT-MECANIZA-6-1024x1024.png 1024w, https:\/\/mecaniza.com.br\/wp-content\/uploads\/2024\/04\/MKT-MECANIZA-6-150x150.png 150w, https:\/\/mecaniza.com.br\/wp-content\/uploads\/2024\/04\/MKT-MECANIZA-6.png 1500w\" sizes=\"(max-width: 768px) 100vw, 768px\" \/><\/figure><div class=\"elementor-image-box-content\"><h3 class=\"elementor-image-box-title\">Prazo<\/h3><p class=\"elementor-image-box-description\">de at\u00e9 7 anos para pagar <br>seu trator YTO<\/p><\/div><\/div>\t\t<\/div>\n\t\t\t\t<\/div>\n\t\t\t\t<\/div>\n\t\t\t\t\t<\/div>\n\t\t\t\t<\/div>\n\t\t<div class=\"elementor-element elementor-element-66f8d7e8 elementor-hidden-desktop elementor-hidden-laptop e-flex e-con-boxed e-con e-parent\" data-id=\"66f8d7e8\" data-element_type=\"container\">\n\t\t\t\t\t<div class=\"e-con-inner\">\n\t\t<div class=\"elementor-element elementor-element-32f2dd58 elementor-hidden-desktop elementor-hidden-laptop e-con-full e-flex e-con e-child\" data-id=\"32f2dd58\" data-element_type=\"container\">\n\t\t\t\t<div class=\"elementor-element elementor-element-4ca71e65 elementor-widget elementor-widget-heading\" data-id=\"4ca71e65\" data-element_type=\"widget\" data-widget_type=\"heading.default\">\n\t\t\t\t<div class=\"elementor-widget-container\">\n\t\t\t<h2 class=\"elementor-heading-title elementor-size-default\">Vantagens de adquirir um trator YTO<\/h2>\t\t<\/div>\n\t\t\t\t<\/div>\n\t\t\t\t<\/div>\n\t\t<div class=\"elementor-element elementor-element-4183ea84 e-con-full e-flex e-con e-child\" data-id=\"4183ea84\" data-element_type=\"container\">\n\t\t\t\t<div class=\"elementor-element elementor-element-783fb994 elementor-position-top elementor-widget elementor-widget-image-box\" data-id=\"783fb994\" data-element_type=\"widget\" data-widget_type=\"image-box.default\">\n\t\t\t\t<div class=\"elementor-widget-container\">\n\t\t\t<div class=\"elementor-image-box-wrapper\"><figure class=\"elementor-image-box-img\"><img fetchpriority=\"high\" decoding=\"async\" width=\"768\" height=\"768\" src=\"https:\/\/mecaniza.com.br\/wp-content\/uploads\/2024\/04\/MKT-MECANIZA-4-768x768.png\" class=\"attachment-medium_large size-medium_large wp-image-1100\" alt=\"\" srcset=\"https:\/\/mecaniza.com.br\/wp-content\/uploads\/2024\/04\/MKT-MECANIZA-4-768x768.png 768w, https:\/\/mecaniza.com.br\/wp-content\/uploads\/2024\/04\/MKT-MECANIZA-4-300x300.png 300w, https:\/\/mecaniza.com.br\/wp-content\/uploads\/2024\/04\/MKT-MECANIZA-4-1024x1024.png 1024w, https:\/\/mecaniza.com.br\/wp-content\/uploads\/2024\/04\/MKT-MECANIZA-4-150x150.png 150w, https:\/\/mecaniza.com.br\/wp-content\/uploads\/2024\/04\/MKT-MECANIZA-4.png 1500w\" sizes=\"(max-width: 768px) 100vw, 768px\" \/><\/figure><div class=\"elementor-image-box-content\"><h3 class=\"elementor-image-box-title\">Excelente <\/h3><p class=\"elementor-image-box-description\">Custo-benef\u00edcio e grande disponibilidade<\/p><\/div><\/div>\t\t<\/div>\n\t\t\t\t<\/div>\n\t\t\t\t<\/div>\n\t\t<div class=\"elementor-element elementor-element-5497de37 e-con-full e-flex e-con e-child\" data-id=\"5497de37\" data-element_type=\"container\">\n\t\t\t\t<div class=\"elementor-element elementor-element-7f8a3f2b elementor-position-top elementor-widget elementor-widget-image-box\" data-id=\"7f8a3f2b\" data-element_type=\"widget\" data-widget_type=\"image-box.default\">\n\t\t\t\t<div class=\"elementor-widget-container\">\n\t\t\t<div class=\"elementor-image-box-wrapper\"><figure class=\"elementor-image-box-img\"><img decoding=\"async\" width=\"1500\" height=\"1500\" src=\"https:\/\/mecaniza.com.br\/wp-content\/uploads\/2024\/04\/MKT-MECANIZA-5.png\" class=\"attachment-full size-full wp-image-1101\" alt=\"\" srcset=\"https:\/\/mecaniza.com.br\/wp-content\/uploads\/2024\/04\/MKT-MECANIZA-5.png 1500w, https:\/\/mecaniza.com.br\/wp-content\/uploads\/2024\/04\/MKT-MECANIZA-5-300x300.png 300w, https:\/\/mecaniza.com.br\/wp-content\/uploads\/2024\/04\/MKT-MECANIZA-5-1024x1024.png 1024w, https:\/\/mecaniza.com.br\/wp-content\/uploads\/2024\/04\/MKT-MECANIZA-5-150x150.png 150w, https:\/\/mecaniza.com.br\/wp-content\/uploads\/2024\/04\/MKT-MECANIZA-5-768x768.png 768w\" sizes=\"(max-width: 1500px) 100vw, 1500px\" \/><\/figure><div class=\"elementor-image-box-content\"><h3 class=\"elementor-image-box-title\">Pre\u00e7os<\/h3><p class=\"elementor-image-box-description\">E condi\u00e7\u00f5es especiais imperd\u00edveis para a aquisi\u00e7\u00e3o do seu trator YTO.<\/p><\/div><\/div>\t\t<\/div>\n\t\t\t\t<\/div>\n\t\t\t\t<\/div>\n\t\t<div class=\"elementor-element elementor-element-1d26dca9 e-con-full e-flex e-con e-child\" data-id=\"1d26dca9\" data-element_type=\"container\">\n\t\t\t\t<div class=\"elementor-element elementor-element-52b1c4f5 elementor-position-top elementor-widget elementor-widget-image-box\" data-id=\"52b1c4f5\" data-element_type=\"widget\" data-widget_type=\"image-box.default\">\n\t\t\t\t<div class=\"elementor-widget-container\">\n\t\t\t<div class=\"elementor-image-box-wrapper\"><figure class=\"elementor-image-box-img\"><img decoding=\"async\" width=\"768\" height=\"768\" src=\"https:\/\/mecaniza.com.br\/wp-content\/uploads\/2024\/04\/MKT-MECANIZA-6-768x768.png\" class=\"attachment-medium_large size-medium_large wp-image-1102\" alt=\"\" srcset=\"https:\/\/mecaniza.com.br\/wp-content\/uploads\/2024\/04\/MKT-MECANIZA-6-768x768.png 768w, https:\/\/mecaniza.com.br\/wp-content\/uploads\/2024\/04\/MKT-MECANIZA-6-300x300.png 300w, https:\/\/mecaniza.com.br\/wp-content\/uploads\/2024\/04\/MKT-MECANIZA-6-1024x1024.png 1024w, https:\/\/mecaniza.com.br\/wp-content\/uploads\/2024\/04\/MKT-MECANIZA-6-150x150.png 150w, https:\/\/mecaniza.com.br\/wp-content\/uploads\/2024\/04\/MKT-MECANIZA-6.png 1500w\" sizes=\"(max-width: 768px) 100vw, 768px\" \/><\/figure><div class=\"elementor-image-box-content\"><h3 class=\"elementor-image-box-title\">Prazo<\/h3><p class=\"elementor-image-box-description\">de at\u00e9 7 anos para pagar <br>seu trator YTO<\/p><\/div><\/div>\t\t<\/div>\n\t\t\t\t<\/div>\n\t\t\t\t<\/div>\n\t\t\t\t\t<\/div>\n\t\t\t\t<\/div>\n\t\t<div class=\"elementor-element elementor-element-8ba24b2 e-flex e-con-boxed e-con e-parent\" data-id=\"8ba24b2\" data-element_type=\"container\">\n\t\t\t\t\t<div class=\"e-con-inner\">\n\t\t\t\t<div class=\"elementor-element elementor-element-5e2e0d35 elementor-widget elementor-widget-heading\" data-id=\"5e2e0d35\" data-element_type=\"widget\" data-widget_type=\"heading.default\">\n\t\t\t\t<div class=\"elementor-widget-container\">\n\t\t\t<h2 class=\"elementor-heading-title elementor-size-default\">Nossos Parceiros\n<\/h2>\t\t<\/div>\n\t\t\t\t<\/div>\n\t\t\t\t<div class=\"elementor-element elementor-element-7921f888 elementor-arrows-position-inside elementor-widget elementor-widget-image-carousel\" data-id=\"7921f888\" data-element_type=\"widget\" data-settings=\"{&quot;navigation&quot;:&quot;arrows&quot;,&quot;pause_on_interaction&quot;:&quot;no&quot;,&quot;speed&quot;:5000,&quot;autoplay&quot;:&quot;yes&quot;,&quot;pause_on_hover&quot;:&quot;yes&quot;,&quot;autoplay_speed&quot;:5000,&quot;infinite&quot;:&quot;yes&quot;}\" data-widget_type=\"image-carousel.default\">\n\t\t\t\t<div class=\"elementor-widget-container\">\n\t\t\t<style>\/*! elementor - v3.23.0 - 05-08-2024 *\/\n.elementor-widget-image-carousel .swiper,.elementor-widget-image-carousel .swiper-container{position:static}.elementor-widget-image-carousel .swiper-container .swiper-slide figure,.elementor-widget-image-carousel .swiper .swiper-slide figure{line-height:inherit}.elementor-widget-image-carousel .swiper-slide{text-align:center}.elementor-image-carousel-wrapper:not(.swiper-container-initialized):not(.swiper-initialized) .swiper-slide{max-width:calc(100% \/ var(--e-image-carousel-slides-to-show, 3))}<\/style>\t\t<div class=\"elementor-image-carousel-wrapper swiper\" dir=\"ltr\">\n\t\t\t<div class=\"elementor-image-carousel swiper-wrapper\" aria-live=\"off\">\n\t\t\t\t\t\t\t\t<div class=\"swiper-slide\" role=\"group\" aria-roledescription=\"slide\" aria-label=\"1 de 6\"><figure class=\"swiper-slide-inner\"><img decoding=\"async\" class=\"swiper-slide-image\" src=\"https:\/\/mecaniza.com.br\/wp-content\/uploads\/2023\/10\/1-1-300x150.png\" alt=\"1\" \/><\/figure><\/div><div class=\"swiper-slide\" role=\"group\" aria-roledescription=\"slide\" aria-label=\"2 de 6\"><figure class=\"swiper-slide-inner\"><img decoding=\"async\" class=\"swiper-slide-image\" src=\"https:\/\/mecaniza.com.br\/wp-content\/uploads\/2023\/10\/2-1-300x150.png\" alt=\"2\" \/><\/figure><\/div><div class=\"swiper-slide\" role=\"group\" aria-roledescription=\"slide\" aria-label=\"3 de 6\"><figure class=\"swiper-slide-inner\"><img decoding=\"async\" class=\"swiper-slide-image\" src=\"https:\/\/mecaniza.com.br\/wp-content\/uploads\/2023\/10\/3-1-300x150.png\" alt=\"3\" \/><\/figure><\/div><div class=\"swiper-slide\" role=\"group\" aria-roledescription=\"slide\" aria-label=\"4 de 6\"><figure class=\"swiper-slide-inner\"><img decoding=\"async\" class=\"swiper-slide-image\" src=\"https:\/\/mecaniza.com.br\/wp-content\/uploads\/2023\/10\/4-1-300x150.png\" alt=\"4\" \/><\/figure><\/div><div class=\"swiper-slide\" role=\"group\" aria-roledescription=\"slide\" aria-label=\"5 de 6\"><figure class=\"swiper-slide-inner\"><img decoding=\"async\" class=\"swiper-slide-image\" src=\"https:\/\/mecaniza.com.br\/wp-content\/uploads\/2023\/10\/5-1-300x150.png\" alt=\"5\" \/><\/figure><\/div><div class=\"swiper-slide\" role=\"group\" aria-roledescription=\"slide\" aria-label=\"6 de 6\"><figure class=\"swiper-slide-inner\"><img decoding=\"async\" class=\"swiper-slide-image\" src=\"https:\/\/mecaniza.com.br\/wp-content\/uploads\/2024\/02\/MARCAS-MECANIZA-300x150.png\" alt=\"MARCAS MECANIZA\" \/><\/figure><\/div>\t\t\t<\/div>\n\t\t\t\t\t\t\t\t\t\t\t\t<div class=\"elementor-swiper-button elementor-swiper-button-prev\" role=\"button\" tabindex=\"0\">\n\t\t\t\t\t\t<i aria-hidden=\"true\" class=\"eicon-chevron-left\"><\/i>\t\t\t\t\t<\/div>\n\t\t\t\t\t<div class=\"elementor-swiper-button elementor-swiper-button-next\" role=\"button\" tabindex=\"0\">\n\t\t\t\t\t\t<i aria-hidden=\"true\" class=\"eicon-chevron-right\"><\/i>\t\t\t\t\t<\/div>\n\t\t\t\t\n\t\t\t\t\t\t\t\t\t<\/div>\n\t\t\t\t<\/div>\n\t\t\t\t<\/div>\n\t\t\t\t\t<\/div>\n\t\t\t\t<\/div>\n\t\t\t\t<\/div>\n\t\t","protected":false},"excerpt":{"rendered":"<p>DESCRI\u00c7\u00c3O DO PRODUTO: Motor Modelo: YD 385 &#8211; T &#8211; YTO Tipo: Diesel, 4 cilindros mec\u00e2nico aspirado Pot\u00eancia M\u00e1xima (CV\/kW) @ rpm: 24 cv @ 2300 rpm N\u00ba cilindros \/ di\u00e2metro cilindro x curso pist\u00e3o: 3 cilindros\/ 85 x 90 mm Torque M\u00e1ximo: 95 Nm @ 1645 rpm Embreagem Tipo: Seco, a\u00e7\u00e3o simples Di\u00e2metro: 9&#8243; [&hellip;]<\/p>\n","protected":false},"author":1,"featured_media":0,"parent":0,"menu_order":0,"comment_status":"closed","ping_status":"closed","template":"elementor_header_footer","meta":{"_joinchat":[],"footnotes":""},"class_list":["post-1546","page","type-page","status-publish","hentry"],"_links":{"self":[{"href":"https:\/\/mecaniza.com.br\/index.php?rest_route=\/wp\/v2\/pages\/1546","targetHints":{"allow":["GET"]}}],"collection":[{"href":"https:\/\/mecaniza.com.br\/index.php?rest_route=\/wp\/v2\/pages"}],"about":[{"href":"https:\/\/mecaniza.com.br\/index.php?rest_route=\/wp\/v2\/types\/page"}],"author":[{"embeddable":true,"href":"https:\/\/mecaniza.com.br\/index.php?rest_route=\/wp\/v2\/users\/1"}],"replies":[{"embeddable":true,"href":"https:\/\/mecaniza.com.br\/index.php?rest_route=%2Fwp%2Fv2%2Fcomments&post=1546"}],"version-history":[{"count":7,"href":"https:\/\/mecaniza.com.br\/index.php?rest_route=\/wp\/v2\/pages\/1546\/revisions"}],"predecessor-version":[{"id":1582,"href":"https:\/\/mecaniza.com.br\/index.php?rest_route=\/wp\/v2\/pages\/1546\/revisions\/1582"}],"wp:attachment":[{"href":"https:\/\/mecaniza.com.br\/index.php?rest_route=%2Fwp%2Fv2%2Fmedia&parent=1546"}],"curies":[{"name":"wp","href":"https:\/\/api.w.org\/{rel}","templated":true}]}}