{"id":1523,"date":"2024-08-24T10:35:27","date_gmt":"2024-08-24T13:35:27","guid":{"rendered":"https:\/\/mecaniza.com.br\/?page_id=1523"},"modified":"2024-08-24T10:40:32","modified_gmt":"2024-08-24T13:40:32","slug":"modelome-454-5","status":"publish","type":"page","link":"https:\/\/mecaniza.com.br\/?page_id=1523","title":{"rendered":"MODELOME 454-5"},"content":{"rendered":"\t\t<div data-elementor-type=\"wp-page\" data-elementor-id=\"1523\" class=\"elementor elementor-1523\">\n\t\t\t\t<div class=\"elementor-element elementor-element-6de4b413 e-flex e-con-boxed e-con e-parent\" data-id=\"6de4b413\" data-element_type=\"container\">\n\t\t\t\t\t<div class=\"e-con-inner\">\n\t\t\t\t<div class=\"elementor-element elementor-element-52b68f52 elementor-widget elementor-widget-heading\" data-id=\"52b68f52\" data-element_type=\"widget\" data-widget_type=\"heading.default\">\n\t\t\t\t<div class=\"elementor-widget-container\">\n\t\t\t<style>\/*! elementor - v3.23.0 - 05-08-2024 *\/\n.elementor-heading-title{padding:0;margin:0;line-height:1}.elementor-widget-heading .elementor-heading-title[class*=elementor-size-]>a{color:inherit;font-size:inherit;line-height:inherit}.elementor-widget-heading .elementor-heading-title.elementor-size-small{font-size:15px}.elementor-widget-heading .elementor-heading-title.elementor-size-medium{font-size:19px}.elementor-widget-heading .elementor-heading-title.elementor-size-large{font-size:29px}.elementor-widget-heading .elementor-heading-title.elementor-size-xl{font-size:39px}.elementor-widget-heading .elementor-heading-title.elementor-size-xxl{font-size:59px}<\/style><h2 class=\"elementor-heading-title elementor-size-default\">DESCRI\u00c7\u00c3O DO PRODUTO:<\/h2>\t\t<\/div>\n\t\t\t\t<\/div>\n\t\t\t\t<div class=\"elementor-element elementor-element-63e1fcbe elementor-widget elementor-widget-text-editor\" data-id=\"63e1fcbe\" data-element_type=\"widget\" data-widget_type=\"text-editor.default\">\n\t\t\t\t<div class=\"elementor-widget-container\">\n\t\t\t<style>\/*! elementor - v3.23.0 - 05-08-2024 *\/\n.elementor-widget-text-editor.elementor-drop-cap-view-stacked .elementor-drop-cap{background-color:#69727d;color:#fff}.elementor-widget-text-editor.elementor-drop-cap-view-framed .elementor-drop-cap{color:#69727d;border:3px solid;background-color:transparent}.elementor-widget-text-editor:not(.elementor-drop-cap-view-default) .elementor-drop-cap{margin-top:8px}.elementor-widget-text-editor:not(.elementor-drop-cap-view-default) .elementor-drop-cap-letter{width:1em;height:1em}.elementor-widget-text-editor .elementor-drop-cap{float:left;text-align:center;line-height:1;font-size:50px}.elementor-widget-text-editor .elementor-drop-cap-letter{display:inline-block}<\/style>\t\t\t\t<h3><span style=\"color: #000000;\">Motor<\/span><\/h3><ul><li><span style=\"color: #000000;\"><strong>Modelo:<\/strong> YD4C45 &#8211; YTO<\/span><\/li><li><span style=\"color: #000000;\"><strong>Tipo:<\/strong> Diesel, refrigerado a \u00e1gua e inje\u00e7\u00e3o direta, naturalmente aspirado<\/span><\/li><li><span style=\"color: #000000;\"><strong>Pot\u00eancia m\u00e1xima:<\/strong> 45 cv @ 2300 rpm<\/span><\/li><li><span style=\"color: #000000;\"><strong>N\u00famero de cilindros\/di\u00e2metro do cilindro e curso do pist\u00e3o:<\/strong> 4 cilindros \/ 85 x 90 mm<\/span><\/li><li><span style=\"color: #000000;\"><strong>Torque m\u00e1ximo:<\/strong> 181 Nm @ 1610 rpm<\/span><\/li><\/ul><h3><span style=\"color: #000000;\">Embreagem<\/span><\/h3><ul><li><span style=\"color: #000000;\"><strong>Tipo:<\/strong> Seca, dupla a\u00e7\u00e3o<\/span><\/li><li><span style=\"color: #000000;\"><strong>Di\u00e2metro:<\/strong> 10&#8243;<\/span><\/li><li><span style=\"color: #000000;\"><strong>Acionamento:<\/strong> Mec\u00e2nico por pedal<\/span><\/li><\/ul><h3><span style=\"color: #000000;\">Tomada de Pot\u00eancia (TDP)<\/span><\/h3><ul><li><span style=\"color: #000000;\"><strong>Tipo:<\/strong> N\u00e3o independente<\/span><\/li><li><span style=\"color: #000000;\"><strong>Velocidade (rpm):<\/strong> 540\/540E<\/span><\/li><li><span style=\"color: #000000;\"><strong>Acoplamento:<\/strong> Mec\u00e2nico manual<\/span><\/li><li><span style=\"color: #000000;\"><strong>Pot\u00eancia M\u00e1xima TDP:<\/strong> 38,2 cv<\/span><\/li><\/ul><h3><span style=\"color: #000000;\">Transmiss\u00e3o<\/span><\/h3><ul><li><span style=\"color: #000000;\"><strong>Tipo:<\/strong> Mec\u00e2nica<\/span><\/li><li><span style=\"color: #000000;\"><strong>Posi\u00e7\u00e3o das alavancas:<\/strong> Lateral<\/span><\/li><li><span style=\"color: #000000;\"><strong>Marchas:<\/strong> 8F + 8R \/ 16F + 8R com creeper (opc)<\/span><\/li><\/ul><h3><span style=\"color: #000000;\">Sistema Hidr\u00e1ulico<\/span><\/h3><ul><li><span style=\"color: #000000;\"><strong>Tipo:<\/strong> Categoria II &#8211; mec\u00e2nico com posi\u00e7\u00e3o de controle e profundidade<\/span><\/li><li><span style=\"color: #000000;\"><strong>Vaz\u00e3o da bomba:<\/strong> 25 L\/min<\/span><\/li><li><span style=\"color: #000000;\"><strong>Capacidade de levante no olhal:<\/strong> 1450 kg<\/span><\/li><\/ul><h3><span style=\"color: #000000;\">Freios<\/span><\/h3><ul><li><span style=\"color: #000000;\"><strong>Tipo:<\/strong> \u00damido\/disco<\/span><\/li><li><span style=\"color: #000000;\"><strong>Acionamento:<\/strong> Assist\u00eancia hidr\u00e1ulica, por pedal<\/span><\/li><li><span style=\"color: #000000;\"><strong>Freio de estacionamento:<\/strong> Trava pedal<\/span><\/li><\/ul><h3><span style=\"color: #000000;\">Dire\u00e7\u00e3o<\/span><\/h3><ul><li><span style=\"color: #000000;\"><strong>Tipo:<\/strong> Hidrost\u00e1tica com circuito hidr\u00e1ulico independente<\/span><\/li><\/ul><h3><span style=\"color: #000000;\">Sistema El\u00e9trico<\/span><\/h3><ul><li><span style=\"color: #000000;\"><strong>Tens\u00e3o do sistema el\u00e9trico:<\/strong> 12V<\/span><\/li><li><span style=\"color: #000000;\"><strong>Alternador:<\/strong> 14V, 700W<\/span><\/li><li><span style=\"color: #000000;\"><strong>Motor de partida:<\/strong> 12V, 3,8 kW<\/span><\/li><li><span style=\"color: #000000;\"><strong>Bateria:<\/strong> 12V \/ 120 Ah<\/span><\/li><\/ul><h3><span style=\"color: #000000;\">Pneus<\/span><\/h3><ul><li><span style=\"color: #000000;\"><strong>Dianteiros:<\/strong> 7.50-16 (opcional 8.3-20 \/ 7.5-16)<\/span><\/li><li><span style=\"color: #000000;\"><strong>Traseiros:<\/strong> 11.2-28 (opcional 12.4-28 \/ 12.4-24)<\/span><\/li><\/ul><h3><span style=\"color: #000000;\">Pesos \/ Dimens\u00f5es \/ Capacidades<\/span><\/h3><ul><li><span style=\"color: #000000;\"><strong>Peso em ordem de marcha:<\/strong> 2020 \/ 2120 kg<\/span><\/li><li><span style=\"color: #000000;\"><strong>Raio de giro:<\/strong> 4800 mm<\/span><\/li><li><span style=\"color: #000000;\"><strong>Comprimento:<\/strong> 3660 mm<\/span><\/li><li><span style=\"color: #000000;\"><strong>Dist\u00e2ncia entre eixos:<\/strong> 1840 mm<\/span><\/li><li><span style=\"color: #000000;\"><strong>Altura com cabine:<\/strong> 2400 mm<\/span><\/li><li><span style=\"color: #000000;\"><strong>Altura m\u00e1xima (at\u00e9 o volante):<\/strong> 1285 mm<\/span><\/li><li><span style=\"color: #000000;\"><strong>Bitola dianteira m\u00ednima\/m\u00e1xima:<\/strong> 1000 mm<\/span><\/li><li><span style=\"color: #000000;\"><strong>Bitola traseira m\u00ednima\/m\u00e1xima:<\/strong> 1000 \/ 1200 mm<\/span><\/li><li><span style=\"color: #000000;\"><strong>Tanque de combust\u00edvel:<\/strong> 60 L<\/span><\/li><\/ul><h3><span style=\"color: #000000;\">Opcionais<\/span><\/h3><ul><li><span style=\"color: #000000;\">Cabine com ar condicionado<\/span><\/li><li><span style=\"color: #000000;\">MP3<\/span><\/li><li><span style=\"color: #000000;\">Luz de trabalho girat\u00f3ria<\/span><\/li><li><span style=\"color: #000000;\">Farol de trabalho traseiro<\/span><\/li><li><span style=\"color: #000000;\">Assento Grammer<\/span><\/li><li><span style=\"color: #000000;\">Creeper<\/span><\/li><\/ul>\t\t\t\t\t\t<\/div>\n\t\t\t\t<\/div>\n\t\t\t\t<div class=\"elementor-element elementor-element-5bb991fc elementor-align-center elementor-widget elementor-widget-button\" data-id=\"5bb991fc\" data-element_type=\"widget\" data-widget_type=\"button.default\">\n\t\t\t\t<div class=\"elementor-widget-container\">\n\t\t\t\t\t<div class=\"elementor-button-wrapper\">\n\t\t\t<a class=\"elementor-button elementor-button-link elementor-size-sm\" href=\"https:\/\/web.whatsapp.com\/send?phone=5534999863729&#038;text=Ol%C3%A1%2C%20Gostaria%20de%20mais%20informa%C3%A7%C3%B5es%20sobre%20seus%20produtos.\">\n\t\t\t\t\t\t<span class=\"elementor-button-content-wrapper\">\n\t\t\t\t\t\t\t\t\t<span class=\"elementor-button-text\">CONVERSAR COM VENDEDOR<\/span>\n\t\t\t\t\t<\/span>\n\t\t\t\t\t<\/a>\n\t\t<\/div>\n\t\t\t\t<\/div>\n\t\t\t\t<\/div>\n\t\t\t\t\t<\/div>\n\t\t\t\t<\/div>\n\t\t<div class=\"elementor-element elementor-element-621e8900 elementor-hidden-tablet elementor-hidden-mobile e-flex e-con-boxed e-con e-parent\" data-id=\"621e8900\" data-element_type=\"container\">\n\t\t\t\t\t<div class=\"e-con-inner\">\n\t\t\t\t<div class=\"elementor-element elementor-element-487cbbba elementor-widget elementor-widget-heading\" data-id=\"487cbbba\" data-element_type=\"widget\" data-widget_type=\"heading.default\">\n\t\t\t\t<div class=\"elementor-widget-container\">\n\t\t\t<h2 class=\"elementor-heading-title elementor-size-default\">Vantagens de adquirir um trator YTO<\/h2>\t\t<\/div>\n\t\t\t\t<\/div>\n\t\t\t\t\t<\/div>\n\t\t\t\t<\/div>\n\t\t<div class=\"elementor-element elementor-element-63885c74 elementor-hidden-tablet elementor-hidden-mobile elementor-hidden-laptop e-flex e-con-boxed e-con e-parent\" data-id=\"63885c74\" data-element_type=\"container\">\n\t\t\t\t\t<div class=\"e-con-inner\">\n\t\t<div class=\"elementor-element elementor-element-33a4675a e-con-full e-flex e-con e-child\" data-id=\"33a4675a\" data-element_type=\"container\">\n\t\t\t\t<div class=\"elementor-element elementor-element-5ea3cb4c elementor-position-top elementor-widget elementor-widget-image-box\" data-id=\"5ea3cb4c\" data-element_type=\"widget\" data-widget_type=\"image-box.default\">\n\t\t\t\t<div class=\"elementor-widget-container\">\n\t\t\t<style>.elementor-widget-image-box .elementor-image-box-content{width:100%}@media (min-width:768px){.elementor-widget-image-box.elementor-position-left .elementor-image-box-wrapper,.elementor-widget-image-box.elementor-position-right .elementor-image-box-wrapper{display:flex}.elementor-widget-image-box.elementor-position-right .elementor-image-box-wrapper{text-align:end;flex-direction:row-reverse}.elementor-widget-image-box.elementor-position-left .elementor-image-box-wrapper{text-align:start;flex-direction:row}.elementor-widget-image-box.elementor-position-top .elementor-image-box-img{margin:auto}.elementor-widget-image-box.elementor-vertical-align-top .elementor-image-box-wrapper{align-items:flex-start}.elementor-widget-image-box.elementor-vertical-align-middle .elementor-image-box-wrapper{align-items:center}.elementor-widget-image-box.elementor-vertical-align-bottom .elementor-image-box-wrapper{align-items:flex-end}}@media (max-width:767px){.elementor-widget-image-box .elementor-image-box-img{margin-left:auto!important;margin-right:auto!important;margin-bottom:15px}}.elementor-widget-image-box .elementor-image-box-img{display:inline-block}.elementor-widget-image-box .elementor-image-box-title a{color:inherit}.elementor-widget-image-box .elementor-image-box-wrapper{text-align:center}.elementor-widget-image-box .elementor-image-box-description{margin:0}<\/style><div class=\"elementor-image-box-wrapper\"><figure class=\"elementor-image-box-img\"><img fetchpriority=\"high\" decoding=\"async\" width=\"768\" height=\"768\" src=\"https:\/\/mecaniza.com.br\/wp-content\/uploads\/2024\/04\/MKT-MECANIZA-4-768x768.png\" class=\"attachment-medium_large size-medium_large wp-image-1100\" alt=\"\" srcset=\"https:\/\/mecaniza.com.br\/wp-content\/uploads\/2024\/04\/MKT-MECANIZA-4-768x768.png 768w, https:\/\/mecaniza.com.br\/wp-content\/uploads\/2024\/04\/MKT-MECANIZA-4-300x300.png 300w, https:\/\/mecaniza.com.br\/wp-content\/uploads\/2024\/04\/MKT-MECANIZA-4-1024x1024.png 1024w, https:\/\/mecaniza.com.br\/wp-content\/uploads\/2024\/04\/MKT-MECANIZA-4-150x150.png 150w, https:\/\/mecaniza.com.br\/wp-content\/uploads\/2024\/04\/MKT-MECANIZA-4.png 1500w\" sizes=\"(max-width: 768px) 100vw, 768px\" \/><\/figure><div class=\"elementor-image-box-content\"><h3 class=\"elementor-image-box-title\">Excelente <\/h3><p class=\"elementor-image-box-description\">Custo-benef\u00edcio e grande disponibilidade<\/p><\/div><\/div>\t\t<\/div>\n\t\t\t\t<\/div>\n\t\t\t\t<\/div>\n\t\t<div class=\"elementor-element elementor-element-3eae5144 e-con-full e-flex e-con e-child\" data-id=\"3eae5144\" data-element_type=\"container\">\n\t\t\t\t<div class=\"elementor-element elementor-element-4153421b elementor-position-top elementor-widget elementor-widget-image-box\" data-id=\"4153421b\" data-element_type=\"widget\" data-widget_type=\"image-box.default\">\n\t\t\t\t<div class=\"elementor-widget-container\">\n\t\t\t<div class=\"elementor-image-box-wrapper\"><figure class=\"elementor-image-box-img\"><img decoding=\"async\" width=\"1500\" height=\"1500\" src=\"https:\/\/mecaniza.com.br\/wp-content\/uploads\/2024\/04\/MKT-MECANIZA-5.png\" class=\"attachment-full size-full wp-image-1101\" alt=\"\" srcset=\"https:\/\/mecaniza.com.br\/wp-content\/uploads\/2024\/04\/MKT-MECANIZA-5.png 1500w, https:\/\/mecaniza.com.br\/wp-content\/uploads\/2024\/04\/MKT-MECANIZA-5-300x300.png 300w, https:\/\/mecaniza.com.br\/wp-content\/uploads\/2024\/04\/MKT-MECANIZA-5-1024x1024.png 1024w, https:\/\/mecaniza.com.br\/wp-content\/uploads\/2024\/04\/MKT-MECANIZA-5-150x150.png 150w, https:\/\/mecaniza.com.br\/wp-content\/uploads\/2024\/04\/MKT-MECANIZA-5-768x768.png 768w\" sizes=\"(max-width: 1500px) 100vw, 1500px\" \/><\/figure><div class=\"elementor-image-box-content\"><h3 class=\"elementor-image-box-title\">Pre\u00e7os<\/h3><p class=\"elementor-image-box-description\">E condi\u00e7\u00f5es especiais imperd\u00edveis para a aquisi\u00e7\u00e3o do seu trator YTO.<\/p><\/div><\/div>\t\t<\/div>\n\t\t\t\t<\/div>\n\t\t\t\t<\/div>\n\t\t<div class=\"elementor-element elementor-element-35f5edaf e-con-full e-flex e-con e-child\" data-id=\"35f5edaf\" data-element_type=\"container\">\n\t\t\t\t<div class=\"elementor-element elementor-element-15c122e7 elementor-position-top elementor-widget elementor-widget-image-box\" data-id=\"15c122e7\" data-element_type=\"widget\" data-widget_type=\"image-box.default\">\n\t\t\t\t<div class=\"elementor-widget-container\">\n\t\t\t<div class=\"elementor-image-box-wrapper\"><figure class=\"elementor-image-box-img\"><img decoding=\"async\" width=\"768\" height=\"768\" src=\"https:\/\/mecaniza.com.br\/wp-content\/uploads\/2024\/04\/MKT-MECANIZA-6-768x768.png\" class=\"attachment-medium_large size-medium_large wp-image-1102\" alt=\"\" srcset=\"https:\/\/mecaniza.com.br\/wp-content\/uploads\/2024\/04\/MKT-MECANIZA-6-768x768.png 768w, https:\/\/mecaniza.com.br\/wp-content\/uploads\/2024\/04\/MKT-MECANIZA-6-300x300.png 300w, https:\/\/mecaniza.com.br\/wp-content\/uploads\/2024\/04\/MKT-MECANIZA-6-1024x1024.png 1024w, https:\/\/mecaniza.com.br\/wp-content\/uploads\/2024\/04\/MKT-MECANIZA-6-150x150.png 150w, https:\/\/mecaniza.com.br\/wp-content\/uploads\/2024\/04\/MKT-MECANIZA-6.png 1500w\" sizes=\"(max-width: 768px) 100vw, 768px\" \/><\/figure><div class=\"elementor-image-box-content\"><h3 class=\"elementor-image-box-title\">Prazo<\/h3><p class=\"elementor-image-box-description\">de at\u00e9 7 anos para pagar <br>seu trator YTO<\/p><\/div><\/div>\t\t<\/div>\n\t\t\t\t<\/div>\n\t\t\t\t<\/div>\n\t\t\t\t\t<\/div>\n\t\t\t\t<\/div>\n\t\t<div class=\"elementor-element elementor-element-5316514b elementor-hidden-desktop elementor-hidden-laptop e-flex e-con-boxed e-con e-parent\" data-id=\"5316514b\" data-element_type=\"container\">\n\t\t\t\t\t<div class=\"e-con-inner\">\n\t\t<div class=\"elementor-element elementor-element-13d7c866 elementor-hidden-desktop elementor-hidden-laptop e-con-full e-flex e-con e-child\" data-id=\"13d7c866\" data-element_type=\"container\">\n\t\t\t\t<div class=\"elementor-element elementor-element-3943a018 elementor-widget elementor-widget-heading\" data-id=\"3943a018\" data-element_type=\"widget\" data-widget_type=\"heading.default\">\n\t\t\t\t<div class=\"elementor-widget-container\">\n\t\t\t<h2 class=\"elementor-heading-title elementor-size-default\">Vantagens de adquirir um trator YTO<\/h2>\t\t<\/div>\n\t\t\t\t<\/div>\n\t\t\t\t<\/div>\n\t\t<div class=\"elementor-element elementor-element-359b1308 e-con-full e-flex e-con e-child\" data-id=\"359b1308\" data-element_type=\"container\">\n\t\t\t\t<div class=\"elementor-element elementor-element-41742fb2 elementor-position-top elementor-widget elementor-widget-image-box\" data-id=\"41742fb2\" data-element_type=\"widget\" data-widget_type=\"image-box.default\">\n\t\t\t\t<div class=\"elementor-widget-container\">\n\t\t\t<div class=\"elementor-image-box-wrapper\"><figure class=\"elementor-image-box-img\"><img fetchpriority=\"high\" decoding=\"async\" width=\"768\" height=\"768\" src=\"https:\/\/mecaniza.com.br\/wp-content\/uploads\/2024\/04\/MKT-MECANIZA-4-768x768.png\" class=\"attachment-medium_large size-medium_large wp-image-1100\" alt=\"\" srcset=\"https:\/\/mecaniza.com.br\/wp-content\/uploads\/2024\/04\/MKT-MECANIZA-4-768x768.png 768w, https:\/\/mecaniza.com.br\/wp-content\/uploads\/2024\/04\/MKT-MECANIZA-4-300x300.png 300w, https:\/\/mecaniza.com.br\/wp-content\/uploads\/2024\/04\/MKT-MECANIZA-4-1024x1024.png 1024w, https:\/\/mecaniza.com.br\/wp-content\/uploads\/2024\/04\/MKT-MECANIZA-4-150x150.png 150w, https:\/\/mecaniza.com.br\/wp-content\/uploads\/2024\/04\/MKT-MECANIZA-4.png 1500w\" sizes=\"(max-width: 768px) 100vw, 768px\" \/><\/figure><div class=\"elementor-image-box-content\"><h3 class=\"elementor-image-box-title\">Excelente <\/h3><p class=\"elementor-image-box-description\">Custo-benef\u00edcio e grande disponibilidade<\/p><\/div><\/div>\t\t<\/div>\n\t\t\t\t<\/div>\n\t\t\t\t<\/div>\n\t\t<div class=\"elementor-element elementor-element-5adb7f65 e-con-full e-flex e-con e-child\" data-id=\"5adb7f65\" data-element_type=\"container\">\n\t\t\t\t<div class=\"elementor-element elementor-element-39d7f1f4 elementor-position-top elementor-widget elementor-widget-image-box\" data-id=\"39d7f1f4\" data-element_type=\"widget\" data-widget_type=\"image-box.default\">\n\t\t\t\t<div class=\"elementor-widget-container\">\n\t\t\t<div class=\"elementor-image-box-wrapper\"><figure class=\"elementor-image-box-img\"><img decoding=\"async\" width=\"1500\" height=\"1500\" src=\"https:\/\/mecaniza.com.br\/wp-content\/uploads\/2024\/04\/MKT-MECANIZA-5.png\" class=\"attachment-full size-full wp-image-1101\" alt=\"\" srcset=\"https:\/\/mecaniza.com.br\/wp-content\/uploads\/2024\/04\/MKT-MECANIZA-5.png 1500w, https:\/\/mecaniza.com.br\/wp-content\/uploads\/2024\/04\/MKT-MECANIZA-5-300x300.png 300w, https:\/\/mecaniza.com.br\/wp-content\/uploads\/2024\/04\/MKT-MECANIZA-5-1024x1024.png 1024w, https:\/\/mecaniza.com.br\/wp-content\/uploads\/2024\/04\/MKT-MECANIZA-5-150x150.png 150w, https:\/\/mecaniza.com.br\/wp-content\/uploads\/2024\/04\/MKT-MECANIZA-5-768x768.png 768w\" sizes=\"(max-width: 1500px) 100vw, 1500px\" \/><\/figure><div class=\"elementor-image-box-content\"><h3 class=\"elementor-image-box-title\">Pre\u00e7os<\/h3><p class=\"elementor-image-box-description\">E condi\u00e7\u00f5es especiais imperd\u00edveis para a aquisi\u00e7\u00e3o do seu trator YTO.<\/p><\/div><\/div>\t\t<\/div>\n\t\t\t\t<\/div>\n\t\t\t\t<\/div>\n\t\t<div class=\"elementor-element elementor-element-77d74389 e-con-full e-flex e-con e-child\" data-id=\"77d74389\" data-element_type=\"container\">\n\t\t\t\t<div class=\"elementor-element elementor-element-7033fc64 elementor-position-top elementor-widget elementor-widget-image-box\" data-id=\"7033fc64\" data-element_type=\"widget\" data-widget_type=\"image-box.default\">\n\t\t\t\t<div class=\"elementor-widget-container\">\n\t\t\t<div class=\"elementor-image-box-wrapper\"><figure class=\"elementor-image-box-img\"><img decoding=\"async\" width=\"768\" height=\"768\" src=\"https:\/\/mecaniza.com.br\/wp-content\/uploads\/2024\/04\/MKT-MECANIZA-6-768x768.png\" class=\"attachment-medium_large size-medium_large wp-image-1102\" alt=\"\" srcset=\"https:\/\/mecaniza.com.br\/wp-content\/uploads\/2024\/04\/MKT-MECANIZA-6-768x768.png 768w, https:\/\/mecaniza.com.br\/wp-content\/uploads\/2024\/04\/MKT-MECANIZA-6-300x300.png 300w, https:\/\/mecaniza.com.br\/wp-content\/uploads\/2024\/04\/MKT-MECANIZA-6-1024x1024.png 1024w, https:\/\/mecaniza.com.br\/wp-content\/uploads\/2024\/04\/MKT-MECANIZA-6-150x150.png 150w, https:\/\/mecaniza.com.br\/wp-content\/uploads\/2024\/04\/MKT-MECANIZA-6.png 1500w\" sizes=\"(max-width: 768px) 100vw, 768px\" \/><\/figure><div class=\"elementor-image-box-content\"><h3 class=\"elementor-image-box-title\">Prazo<\/h3><p class=\"elementor-image-box-description\">de at\u00e9 7 anos para pagar <br>seu trator YTO<\/p><\/div><\/div>\t\t<\/div>\n\t\t\t\t<\/div>\n\t\t\t\t<\/div>\n\t\t\t\t\t<\/div>\n\t\t\t\t<\/div>\n\t\t<div class=\"elementor-element elementor-element-360af648 e-flex e-con-boxed e-con e-parent\" data-id=\"360af648\" data-element_type=\"container\">\n\t\t\t\t\t<div class=\"e-con-inner\">\n\t\t\t\t<div class=\"elementor-element elementor-element-5c2d6983 elementor-widget elementor-widget-heading\" data-id=\"5c2d6983\" data-element_type=\"widget\" data-widget_type=\"heading.default\">\n\t\t\t\t<div class=\"elementor-widget-container\">\n\t\t\t<h2 class=\"elementor-heading-title elementor-size-default\">Nossos Parceiros\n<\/h2>\t\t<\/div>\n\t\t\t\t<\/div>\n\t\t\t\t<div class=\"elementor-element elementor-element-59599620 elementor-arrows-position-inside elementor-widget elementor-widget-image-carousel\" data-id=\"59599620\" data-element_type=\"widget\" data-settings=\"{&quot;navigation&quot;:&quot;arrows&quot;,&quot;pause_on_interaction&quot;:&quot;no&quot;,&quot;speed&quot;:5000,&quot;autoplay&quot;:&quot;yes&quot;,&quot;pause_on_hover&quot;:&quot;yes&quot;,&quot;autoplay_speed&quot;:5000,&quot;infinite&quot;:&quot;yes&quot;}\" data-widget_type=\"image-carousel.default\">\n\t\t\t\t<div class=\"elementor-widget-container\">\n\t\t\t<style>\/*! elementor - v3.23.0 - 05-08-2024 *\/\n.elementor-widget-image-carousel .swiper,.elementor-widget-image-carousel .swiper-container{position:static}.elementor-widget-image-carousel .swiper-container .swiper-slide figure,.elementor-widget-image-carousel .swiper .swiper-slide figure{line-height:inherit}.elementor-widget-image-carousel .swiper-slide{text-align:center}.elementor-image-carousel-wrapper:not(.swiper-container-initialized):not(.swiper-initialized) .swiper-slide{max-width:calc(100% \/ var(--e-image-carousel-slides-to-show, 3))}<\/style>\t\t<div class=\"elementor-image-carousel-wrapper swiper\" dir=\"ltr\">\n\t\t\t<div class=\"elementor-image-carousel swiper-wrapper\" aria-live=\"off\">\n\t\t\t\t\t\t\t\t<div class=\"swiper-slide\" role=\"group\" aria-roledescription=\"slide\" aria-label=\"1 de 6\"><figure class=\"swiper-slide-inner\"><img decoding=\"async\" class=\"swiper-slide-image\" src=\"https:\/\/mecaniza.com.br\/wp-content\/uploads\/2023\/10\/1-1-300x150.png\" alt=\"1\" \/><\/figure><\/div><div class=\"swiper-slide\" role=\"group\" aria-roledescription=\"slide\" aria-label=\"2 de 6\"><figure class=\"swiper-slide-inner\"><img decoding=\"async\" class=\"swiper-slide-image\" src=\"https:\/\/mecaniza.com.br\/wp-content\/uploads\/2023\/10\/2-1-300x150.png\" alt=\"2\" \/><\/figure><\/div><div class=\"swiper-slide\" role=\"group\" aria-roledescription=\"slide\" aria-label=\"3 de 6\"><figure class=\"swiper-slide-inner\"><img decoding=\"async\" class=\"swiper-slide-image\" src=\"https:\/\/mecaniza.com.br\/wp-content\/uploads\/2023\/10\/3-1-300x150.png\" alt=\"3\" \/><\/figure><\/div><div class=\"swiper-slide\" role=\"group\" aria-roledescription=\"slide\" aria-label=\"4 de 6\"><figure class=\"swiper-slide-inner\"><img decoding=\"async\" class=\"swiper-slide-image\" src=\"https:\/\/mecaniza.com.br\/wp-content\/uploads\/2023\/10\/4-1-300x150.png\" alt=\"4\" \/><\/figure><\/div><div class=\"swiper-slide\" role=\"group\" aria-roledescription=\"slide\" aria-label=\"5 de 6\"><figure class=\"swiper-slide-inner\"><img decoding=\"async\" class=\"swiper-slide-image\" src=\"https:\/\/mecaniza.com.br\/wp-content\/uploads\/2023\/10\/5-1-300x150.png\" alt=\"5\" \/><\/figure><\/div><div class=\"swiper-slide\" role=\"group\" aria-roledescription=\"slide\" aria-label=\"6 de 6\"><figure class=\"swiper-slide-inner\"><img decoding=\"async\" class=\"swiper-slide-image\" src=\"https:\/\/mecaniza.com.br\/wp-content\/uploads\/2024\/02\/MARCAS-MECANIZA-300x150.png\" alt=\"MARCAS MECANIZA\" \/><\/figure><\/div>\t\t\t<\/div>\n\t\t\t\t\t\t\t\t\t\t\t\t<div class=\"elementor-swiper-button elementor-swiper-button-prev\" role=\"button\" tabindex=\"0\">\n\t\t\t\t\t\t<i aria-hidden=\"true\" class=\"eicon-chevron-left\"><\/i>\t\t\t\t\t<\/div>\n\t\t\t\t\t<div class=\"elementor-swiper-button elementor-swiper-button-next\" role=\"button\" tabindex=\"0\">\n\t\t\t\t\t\t<i aria-hidden=\"true\" class=\"eicon-chevron-right\"><\/i>\t\t\t\t\t<\/div>\n\t\t\t\t\n\t\t\t\t\t\t\t\t\t<\/div>\n\t\t\t\t<\/div>\n\t\t\t\t<\/div>\n\t\t\t\t\t<\/div>\n\t\t\t\t<\/div>\n\t\t\t\t<\/div>\n\t\t","protected":false},"excerpt":{"rendered":"<p>DESCRI\u00c7\u00c3O DO PRODUTO: Motor Modelo: YD4C45 &#8211; YTO Tipo: Diesel, refrigerado a \u00e1gua e inje\u00e7\u00e3o direta, naturalmente aspirado Pot\u00eancia m\u00e1xima: 45 cv @ 2300 rpm N\u00famero de cilindros\/di\u00e2metro do cilindro e curso do pist\u00e3o: 4 cilindros \/ 85 x 90 mm Torque m\u00e1ximo: 181 Nm @ 1610 rpm Embreagem Tipo: Seca, dupla a\u00e7\u00e3o Di\u00e2metro: 10&#8243; [&hellip;]<\/p>\n","protected":false},"author":1,"featured_media":0,"parent":0,"menu_order":0,"comment_status":"closed","ping_status":"closed","template":"elementor_header_footer","meta":{"_joinchat":[],"footnotes":""},"class_list":["post-1523","page","type-page","status-publish","hentry"],"_links":{"self":[{"href":"https:\/\/mecaniza.com.br\/index.php?rest_route=\/wp\/v2\/pages\/1523","targetHints":{"allow":["GET"]}}],"collection":[{"href":"https:\/\/mecaniza.com.br\/index.php?rest_route=\/wp\/v2\/pages"}],"about":[{"href":"https:\/\/mecaniza.com.br\/index.php?rest_route=\/wp\/v2\/types\/page"}],"author":[{"embeddable":true,"href":"https:\/\/mecaniza.com.br\/index.php?rest_route=\/wp\/v2\/users\/1"}],"replies":[{"embeddable":true,"href":"https:\/\/mecaniza.com.br\/index.php?rest_route=%2Fwp%2Fv2%2Fcomments&post=1523"}],"version-history":[{"count":9,"href":"https:\/\/mecaniza.com.br\/index.php?rest_route=\/wp\/v2\/pages\/1523\/revisions"}],"predecessor-version":[{"id":1541,"href":"https:\/\/mecaniza.com.br\/index.php?rest_route=\/wp\/v2\/pages\/1523\/revisions\/1541"}],"wp:attachment":[{"href":"https:\/\/mecaniza.com.br\/index.php?rest_route=%2Fwp%2Fv2%2Fmedia&parent=1523"}],"curies":[{"name":"wp","href":"https:\/\/api.w.org\/{rel}","templated":true}]}}